{"id":106,"date":"2024-10-09T07:31:57","date_gmt":"2024-10-09T07:31:57","guid":{"rendered":"https:\/\/www.granada-card.com\/?page_id=106"},"modified":"2026-01-22T11:03:58","modified_gmt":"2026-01-22T11:03:58","slug":"imprint-2","status":"publish","type":"page","link":"https:\/\/www.granada-card.com\/es\/kontakt\/","title":{"rendered":"Contacto"},"content":{"rendered":"<p><strong>Granada-Card.com no es un sitio web oficial.<\/strong> Si tiene alguna duda sobre la Granada Card o la visita a la Alhambra, p\u00f3ngase en contacto con la Oficina de Turismo de Granada o con GranadaTur.<\/p>\n\n\n\n<h4 class=\"wp-block-heading\">Datos de contacto Informaci\u00f3n tur\u00edstica<\/h4>\n\n\n\n<ul class=\"wp-block-list\">\n<li>Direcci\u00f3n: Oficina de Turismo de Granada, C. Almona del Campillo, 2, Local B, Centro, 18009 Granada, Espa\u00f1a<\/li>\n\n\n\n<li>Tel: +34 958 24 71 28<\/li>\n\n\n\n<li>Tel. tarjeta Granada: +34 858 880 990<\/li>\n\n\n\n<li>E-mail:&nbsp;turismo@granada.org<\/li>\n<\/ul>\n\n\n<style>.wp-block-kadence-spacer.kt-block-spacer-106_500094-bd .kt-block-spacer{height:60px;}.wp-block-kadence-spacer.kt-block-spacer-106_500094-bd .kt-divider{border-top-width:1px;height:1px;border-top-color:#eee;width:80%;border-top-style:solid;}<\/style>\n<div class=\"wp-block-kadence-spacer aligncenter kt-block-spacer-106_500094-bd\"><div class=\"kt-block-spacer kt-block-spacer-halign-center\"><hr class=\"kt-divider\"\/><\/div><\/div>\n\n\n\n<h4 class=\"wp-block-heading\">Datos de contacto GranadaTur<\/h4>\n\n\n\n<ul class=\"wp-block-list\">\n<li>Direcci\u00f3n: Pza. Del Carmen s\/n. 18071, Granada<\/li>\n\n\n\n<li>Tel: (+34) 858 880 990<\/li>\n\n\n\n<li>Correo electr\u00f3nico: granadatur@clorian.com<\/li>\n<\/ul>\n\n\n<style>.wp-block-kadence-spacer.kt-block-spacer-106_66ef78-08 .kt-block-spacer{height:60px;}.wp-block-kadence-spacer.kt-block-spacer-106_66ef78-08 .kt-divider{border-top-width:1px;height:1px;border-top-color:#eee;width:80%;border-top-style:solid;}<\/style>\n<div class=\"wp-block-kadence-spacer aligncenter kt-block-spacer-106_66ef78-08\"><div class=\"kt-block-spacer kt-block-spacer-halign-center\"><hr class=\"kt-divider\"\/><\/div><\/div>\n\n\n\n<h4 class=\"wp-block-heading\">Datos de contacto Headout<\/h4>\n\n\n\n<p>Si ya ha adquirido su Granada Card o una entrada en Headout, p\u00f3ngase en contacto con el servicio de atenci\u00f3n al cliente:<\/p>\n\n\n\n<ul class=\"wp-block-list\">\n<li><a href=\"https:\/\/www.headout.com\/de\/help\/\" target=\"_blank\" rel=\"noopener\" title=\"\">Ayuda con una reserva existente<\/a><\/li>\n\n\n\n<li>Tel\u00e9fono: +1 3478 9701 00<\/li>\n\n\n\n<li>Correo electr\u00f3nico: support@headout.com<\/li>\n<\/ul>\n\n\n\n<p>Tambi\u00e9n puedes utilizar el chat en directo que aparece en el sitio web de Headout.<\/p>","protected":false},"excerpt":{"rendered":"<p>Granada-Card.com no es un sitio web oficial. Si tiene alguna pregunta sobre la Granada Card o la visita a la Alhambra, p\u00f3ngase en contacto con la Oficina de Turismo de Granada o con GranadaTur. Datos de contacto Informaci\u00f3n tur\u00edstica Datos de contacto GranadaTur Datos de contacto Headout Si ya ha comprado su Granada Card o una entrada en Headout, p\u00f3ngase en contacto con el servicio de atenci\u00f3n al cliente: Tambi\u00e9n puede utilizar el chat en directo ... <a title=\"Contacto\" class=\"read-more\" href=\"https:\/\/www.granada-card.com\/es\/kontakt\/\" aria-label=\"Leer m\u00e1s sobre Contacto\">Vaciar m\u00e1s<\/a><\/p>","protected":false},"author":1,"featured_media":0,"parent":0,"menu_order":0,"comment_status":"closed","ping_status":"closed","template":"","meta":{"footnotes":""},"class_list":["post-106","page","type-page","status-publish"],"aioseo_notices":[],"_links":{"self":[{"href":"https:\/\/www.granada-card.com\/es\/wp-json\/wp\/v2\/pages\/106","targetHints":{"allow":["GET"]}}],"collection":[{"href":"https:\/\/www.granada-card.com\/es\/wp-json\/wp\/v2\/pages"}],"about":[{"href":"https:\/\/www.granada-card.com\/es\/wp-json\/wp\/v2\/types\/page"}],"author":[{"embeddable":true,"href":"https:\/\/www.granada-card.com\/es\/wp-json\/wp\/v2\/users\/1"}],"replies":[{"embeddable":true,"href":"https:\/\/www.granada-card.com\/es\/wp-json\/wp\/v2\/comments?post=106"}],"version-history":[{"count":6,"href":"https:\/\/www.granada-card.com\/es\/wp-json\/wp\/v2\/pages\/106\/revisions"}],"predecessor-version":[{"id":310,"href":"https:\/\/www.granada-card.com\/es\/wp-json\/wp\/v2\/pages\/106\/revisions\/310"}],"wp:attachment":[{"href":"https:\/\/www.granada-card.com\/es\/wp-json\/wp\/v2\/media?parent=106"}],"curies":[{"name":"wp","href":"https:\/\/api.w.org\/{rel}","templated":true}]}}