{"id":119,"date":"2024-10-09T09:23:31","date_gmt":"2024-10-09T09:23:31","guid":{"rendered":"https:\/\/www.granada-card.com\/?page_id=119"},"modified":"2025-03-26T09:30:58","modified_gmt":"2025-03-26T09:30:58","slug":"alhambra","status":"publish","type":"page","link":"https:\/\/www.granada-card.com\/es\/alhambra\/","title":{"rendered":"Alhambra: atracciones, consejos y entradas"},"content":{"rendered":"<p>La Alhambra es uno de los monumentos hist\u00f3ricos m\u00e1s fascinantes e importantes de Espa\u00f1a. Este impresionante complejo palaciego y fortaleza de Granada atrae a millones de visitantes cada a\u00f1o y fue declarado Patrimonio de la Humanidad por la UNESCO en 1984. Su arquitectura morisca, sus detalles ornamentales y sus magn\u00edficos jardines hacen de la Alhambra una visita obligada para todo turista.<\/p>\n\n\n\n<figure class=\"wp-block-image size-full\"><img loading=\"lazy\" decoding=\"async\" width=\"1000\" height=\"500\" src=\"https:\/\/www.granada-card.com\/wp-content\/uploads\/2024\/10\/alhambra-afternoon.jpg\" alt=\"La Alhambra a la luz de la tarde\" class=\"wp-image-131\" srcset=\"https:\/\/www.granada-card.com\/wp-content\/uploads\/2024\/10\/alhambra-afternoon.jpg 1000w, https:\/\/www.granada-card.com\/wp-content\/uploads\/2024\/10\/alhambra-afternoon-300x150.jpg 300w, https:\/\/www.granada-card.com\/wp-content\/uploads\/2024\/10\/alhambra-afternoon-768x384.jpg 768w, https:\/\/www.granada-card.com\/wp-content\/uploads\/2024\/10\/alhambra-afternoon-18x9.jpg 18w\" sizes=\"auto, (max-width: 1000px) 100vw, 1000px\" \/><figcaption class=\"wp-element-caption\">\u00a9 Jorge Fern\u00e1ndez Salas \/ Unsplash<\/figcaption><\/figure>\n\n\n\n<div style=\"height:30px\" aria-hidden=\"true\" class=\"wp-block-spacer\"><\/div>\n\n\n\n<h3 class=\"wp-block-heading\">Las atracciones del interior de la Alhambra<\/h3>\n\n\n\n<p>La Alhambra alberga varios monumentos notables que no debe perderse:<\/p>\n\n\n\n<ul class=\"wp-block-list\">\n<li><strong>Palacios nazar\u00edes:<\/strong> Estos magn\u00edficos palacios constituyen el coraz\u00f3n de la Alhambra. Sus patios ornamentados, sus intrincados estucos y sus pilas de agua crean una atm\u00f3sfera de tranquilidad y belleza. Destacan el Patio de los Leones y la Sala de los Abencerrajes. La visita a los Palacios Nazar\u00edes requiere reserva previa (tambi\u00e9n para los titulares de la Granada Card).<\/li>\n\n\n\n<li><strong>Generalife:<\/strong> Los jardines del Generalife son un oasis de calma y ofrecen impresionantes vistas de la ciudad de Granada. Pasea por las terrazas y disfruta de la variedad de plantas y flores que adornan los jardines.<\/li>\n\n\n\n<li><strong>Alcazaba:<\/strong> La fortaleza de la Alhambra, conocida como la Alcazaba, ofrece una impresionante vista de los alrededores. Aqu\u00ed se pueden explorar las impresionantes murallas y subir a las torres, desde donde se tiene una maravillosa vista de la ciudad y de Sierra Nevada.<\/li>\n\n\n\n<li><strong>Palacio de Carlos V.:<\/strong> Este edificio renacentista contrasta con la arquitectura \u00e1rabe de la Alhambra. El palacio alberga ahora el Museo de la Alhambra, que muestra el arte y la historia de la regi\u00f3n.<\/li>\n<\/ul>\n\n\n\n<figure class=\"wp-block-image size-full\"><img loading=\"lazy\" decoding=\"async\" width=\"1000\" height=\"550\" src=\"https:\/\/www.granada-card.com\/wp-content\/uploads\/2024\/10\/alhambra-nasrid-palaces.jpg\" alt=\"Alhambra: Palacios Nazar\u00edes\" class=\"wp-image-133\" srcset=\"https:\/\/www.granada-card.com\/wp-content\/uploads\/2024\/10\/alhambra-nasrid-palaces.jpg 1000w, https:\/\/www.granada-card.com\/wp-content\/uploads\/2024\/10\/alhambra-nasrid-palaces-300x165.jpg 300w, https:\/\/www.granada-card.com\/wp-content\/uploads\/2024\/10\/alhambra-nasrid-palaces-768x422.jpg 768w, https:\/\/www.granada-card.com\/wp-content\/uploads\/2024\/10\/alhambra-nasrid-palaces-18x10.jpg 18w\" sizes=\"auto, (max-width: 1000px) 100vw, 1000px\" \/><figcaption class=\"wp-element-caption\">Austin Gardner \/ Unsplash<\/figcaption><\/figure>\n\n\n\n<p>Vea el trazado de la Alhambra en el mapa oficial interactivo: <a href=\"https:\/\/mapalhambra.com\/\" target=\"_blank\" rel=\"noopener\" title=\"\">MapaAlhambra.com<\/a>.<\/p>\n\n\n<style>.wp-block-kadence-spacer.kt-block-spacer-119_03ef25-94 .kt-block-spacer{height:60px;}.wp-block-kadence-spacer.kt-block-spacer-119_03ef25-94 .kt-divider{border-top-width:1px;height:1px;border-top-color:#eee;width:80%;border-top-style:solid;}<\/style>\n<div class=\"wp-block-kadence-spacer aligncenter kt-block-spacer-119_03ef25-94\"><div class=\"kt-block-spacer kt-block-spacer-halign-center\"><hr class=\"kt-divider\"\/><\/div><\/div>\n\n\n\n<h3 class=\"wp-block-heading\">Precios y entradas<\/h3>\n\n\n\n<p>Los precios de entrada a la Alhambra var\u00edan en funci\u00f3n del tipo de entrada. Existen entradas combinadas para todo el complejo, as\u00ed como entradas individuales para zonas espec\u00edficas. Hay descuentos para estudiantes, jubilados y ni\u00f1os. <strong>Atenci\u00f3n:<\/strong> Todos los tipos de descuentos suelen estar disponibles \u00fanicamente en el sitio web oficial (<a href=\"https:\/\/tickets.alhambra-patronato.es\/en\/producto\/alhambra-general\/\" target=\"_blank\" rel=\"noopener\" title=\"\">Alhambra-Patronato.es<\/a>). Los billetes normales suelen ser un poco m\u00e1s baratos all\u00ed, pero no siempre est\u00e1n disponibles.<\/p>\n\n\n\n<p>Para evitar colas, es aconsejable reservar las entradas por Internet con antelaci\u00f3n. As\u00ed se garantiza la entrada a la hora deseada, sobre todo en temporada alta. Si hay muchos turistas en Granada, es imprescindible reservar la entrada por internet con antelaci\u00f3n.<\/p>\n\n\n\n<ul class=\"wp-block-list\">\n<li><a href=\"https:\/\/www.getyourguide.es\/alhambra-l2772\/tageskarte-alhambra-generalife-und-nasridenpalaste-t75398?partner_id=B0910&amp;cmp=granada-card&amp;mkt_cmp=true\" target=\"_blank\" rel=\"noopener nofollow sponsored\" title=\"\">Entrada a la Alhambra incl. Palacios Nazar\u00edes<\/a><\/li>\n\n\n\n<li><a href=\"https:\/\/www.headout.com\/r\/hop-on-hop-off-busrecommends-hJG5F\/\" target=\"_blank\" rel=\"noopener nofollow sponsored\" title=\"\">Entradas para Alhambra con\/sin Palacios Nazar\u00edes<\/a><\/li>\n<\/ul>\n\n\n\n<p>La Alhambra tambi\u00e9n forma parte de la Granada Card. Le recomendamos que adquiera la Granada Card si tambi\u00e9n desea visitar otros lugares de inter\u00e9s de Granada o utilizar el tren tur\u00edstico, por ejemplo.<\/p>\n\n\n<style>.wp-block-kadence-spacer.kt-block-spacer-119_eb69af-7a .kt-block-spacer{height:60px;}.wp-block-kadence-spacer.kt-block-spacer-119_eb69af-7a .kt-divider{border-top-width:1px;height:1px;border-top-color:#eee;width:80%;border-top-style:solid;}<\/style>\n<div class=\"wp-block-kadence-spacer aligncenter kt-block-spacer-119_eb69af-7a\"><div class=\"kt-block-spacer kt-block-spacer-halign-center\"><hr class=\"kt-divider\"\/><\/div><\/div>\n\n\n\n<h3 class=\"wp-block-heading\">Visitas guiadas y audiogu\u00edas<\/h3>\n\n\n\n<p>Para sacar el m\u00e1ximo partido a su visita, puede participar en una visita guiada. Estas visitas le permitir\u00e1n conocer mejor la historia y la arquitectura de la Alhambra. <\/p>\n\n\n\n<p>Tambi\u00e9n hay audiogu\u00edas disponibles en varios idiomas que le proporcionar\u00e1n valiosa informaci\u00f3n e interesantes historias durante el recorrido.<\/p>\n\n\n\n<ul class=\"wp-block-list\">\n<li><a href=\"https:\/\/www.headout.com\/r\/hop-on-hop-off-busrecommends-4OL2v\/\" target=\"_blank\" rel=\"noreferrer noopener\">Visita guiada de la Alhambra y los Palacios Nazar\u00edes<\/a><\/li>\n\n\n\n<li><a href=\"https:\/\/www.tiqets.com\/es\/checkout\/alhambra-und-nasridenpalaste-private-gefuhrte-touren-g1090895\/?partner=101places\" target=\"_blank\" rel=\"noreferrer noopener\">Visita guiada privada a la Alhambra<\/a><\/li>\n\n\n\n<li><a href=\"https:\/\/www.tiqets.com\/es\/atracciones-granada-c66003\/entradas-para-alhambra-nasrid-palaces-guided-tour-city-pass-card-p1064303\/?partner=101places\" target=\"_blank\" rel=\"noreferrer noopener\">Granada Card + visita guiada a la Alhambra<\/a><\/li>\n\n\n\n<li><a href=\"https:\/\/www.headout.com\/r\/hop-on-hop-off-busrecommends-hJG5F\/\" target=\"_blank\" rel=\"noopener nofollow sponsored\" title=\"\">Entradas con audiogu\u00eda opcional<\/a><\/li>\n<\/ul>\n\n\n<style>.wp-block-kadence-spacer.kt-block-spacer-119_9630cf-d1 .kt-block-spacer{height:60px;}.wp-block-kadence-spacer.kt-block-spacer-119_9630cf-d1 .kt-divider{border-top-width:1px;height:1px;border-top-color:#eee;width:80%;border-top-style:solid;}<\/style>\n<div class=\"wp-block-kadence-spacer aligncenter kt-block-spacer-119_9630cf-d1\"><div class=\"kt-block-spacer kt-block-spacer-halign-center\"><hr class=\"kt-divider\"\/><\/div><\/div>\n\n\n\n<h2 class=\"wp-block-heading\">Hoteles cerca de la Alhambra<\/h2>\n\n\n\n<iframe loading=\"lazy\" id=\"stay22-widget\" width=\"100%\" height=\"428\" src=\"https:\/\/www.stay22.com\/embed\/67e2b587e80667de7022ecd8\" frameborder=\"0\"><\/iframe>\n\n\n<style>.wp-block-kadence-spacer.kt-block-spacer-119_3b5373-8b .kt-block-spacer{height:60px;}.wp-block-kadence-spacer.kt-block-spacer-119_3b5373-8b .kt-divider{border-top-width:1px;height:1px;border-top-color:#eee;width:80%;border-top-style:solid;}<\/style>\n<div class=\"wp-block-kadence-spacer aligncenter kt-block-spacer-119_3b5373-8b\"><div class=\"kt-block-spacer kt-block-spacer-halign-center\"><hr class=\"kt-divider\"\/><\/div><\/div>\n\n\n\n<h3 class=\"wp-block-heading\">Consejos para la visita<\/h3>\n\n\n\n<p>Para aprovechar al m\u00e1ximo su visita, aqu\u00ed tiene algunos consejos \u00fatiles:<\/p>\n\n\n\n<ul class=\"wp-block-list\">\n<li><strong>Tarde o temprano una visita:<\/strong> La Alhambra puede estar muy concurrida en horas punta. Una visita a primera hora de la ma\u00f1ana o a \u00faltima de la tarde ayuda a evitar las aglomeraciones.<\/li>\n\n\n\n<li><strong>Zapatos c\u00f3modos:<\/strong> Como hay que caminar mucho, es imprescindible llevar calzado c\u00f3modo. Los senderos suelen ser empinados y accidentados. La visita puede durar unas tres horas.<\/li>\n\n\n\n<li><strong>No olvide su c\u00e1mara:<\/strong> La Alhambra ofrece grandes oportunidades fotogr\u00e1ficas, desde los detalles ornamentales de los palacios hasta los pintorescos jardines.<\/li>\n\n\n\n<li><strong>Respeta las normas:<\/strong> Respete las normas de comportamiento en la Alhambra para preservar la belleza y la integridad del lugar.<\/li>\n<\/ul>\n\n\n\n<figure class=\"wp-block-image size-full\"><img loading=\"lazy\" decoding=\"async\" width=\"1000\" height=\"450\" src=\"https:\/\/www.granada-card.com\/wp-content\/uploads\/2024\/10\/alhambra-palace.jpg\" alt=\"Alhambra: Palacio de Carlos V\" class=\"wp-image-134\" srcset=\"https:\/\/www.granada-card.com\/wp-content\/uploads\/2024\/10\/alhambra-palace.jpg 1000w, https:\/\/www.granada-card.com\/wp-content\/uploads\/2024\/10\/alhambra-palace-300x135.jpg 300w, https:\/\/www.granada-card.com\/wp-content\/uploads\/2024\/10\/alhambra-palace-768x346.jpg 768w, https:\/\/www.granada-card.com\/wp-content\/uploads\/2024\/10\/alhambra-palace-18x8.jpg 18w\" sizes=\"auto, (max-width: 1000px) 100vw, 1000px\" \/><figcaption class=\"wp-element-caption\">\u00a9 C\u00e9sar HZ \/ Unsplash<\/figcaption><\/figure>\n\n\n<style>.wp-block-kadence-spacer.kt-block-spacer-119_6bb547-3d .kt-block-spacer{height:60px;}.wp-block-kadence-spacer.kt-block-spacer-119_6bb547-3d .kt-divider{border-top-width:1px;height:1px;border-top-color:#eee;width:80%;border-top-style:solid;}<\/style>\n<div class=\"wp-block-kadence-spacer aligncenter kt-block-spacer-119_6bb547-3d\"><div class=\"kt-block-spacer kt-block-spacer-halign-center\"><hr class=\"kt-divider\"\/><\/div><\/div>\n\n\n\n<h3 class=\"wp-block-heading\">Viajar a la Alhambra<\/h3>\n\n\n\n<p>Llegar a la Alhambra es muy sencillo. Los que lleguen en coche encontrar\u00e1n varias opciones de aparcamiento en las inmediaciones, incluido el aparcamiento de varias plantas \"Alhambra\". El aparcamiento tiene capacidad para 360 veh\u00edculos y est\u00e1 vigilado las 24 horas del d\u00eda.<\/p>\n\n\n\n<p>Tambi\u00e9n puede utilizar el transporte p\u00fablico: Varias l\u00edneas de autob\u00fas conectan el centro de la ciudad con la Alhambra y circulan con regularidad:<\/p>\n\n\n\n<ul class=\"wp-block-list\">\n<li>C30: Alhambra-Centro (Plaza Isabel la Cat\u00f3lica).<\/li>\n\n\n\n<li>C32: Alhambra-Albaic\u00edn.<\/li>\n\n\n\n<li>C35: Cementerio-Barranco del Abogado-Centro.<\/li>\n<\/ul>\n\n\n<style>.wp-block-kadence-spacer.kt-block-spacer-119_4621fa-fa .kt-block-spacer{height:60px;}.wp-block-kadence-spacer.kt-block-spacer-119_4621fa-fa .kt-divider{border-top-width:1px;height:1px;border-top-color:#eee;width:80%;border-top-style:solid;}<\/style>\n<div class=\"wp-block-kadence-spacer aligncenter kt-block-spacer-119_4621fa-fa\"><div class=\"kt-block-spacer kt-block-spacer-halign-center\"><hr class=\"kt-divider\"\/><\/div><\/div>\n\n\n\n<h3 class=\"wp-block-heading\">Horarios de apertura<\/h3>\n\n\n\n<p>El horario de apertura de la Alhambra var\u00eda seg\u00fan la \u00e9poca del a\u00f1o:<\/p>\n\n\n\n<ul class=\"wp-block-list\">\n<li>Del 1 de abril al 14 de octubre: de 08:30 a 20:00 horas<\/li>\n\n\n\n<li>Del 15 de octubre al 31 de marzo: de 08:30 a 18:00<\/li>\n<\/ul>\n\n\n\n<p>Fuera de estos horarios, hay visitas nocturnas especiales y visitas exclusivas a la Alhambra.<\/p>\n\n\n\n<p>Especialmente en los meses de verano, es aconsejable acudir a primera hora de la ma\u00f1ana o a \u00faltima de la tarde para evitar las aglomeraciones y disfrutar del aire fresco de los jardines.<\/p>\n\n\n\n<p>La Alhambra permanecer\u00e1 cerrada el 25 de diciembre (Navidad) y el 1 de enero (A\u00f1o Nuevo).<\/p>","protected":false},"excerpt":{"rendered":"<p>La Alhambra es uno de los monumentos hist\u00f3ricos m\u00e1s fascinantes e importantes de Espa\u00f1a. Este impresionante complejo palaciego y fortaleza de Granada atrae a millones de visitantes cada a\u00f1o y fue declarado Patrimonio de la Humanidad por la UNESCO en 1984. Su arquitectura morisca, sus detalles ornamentales y sus magn\u00edficos jardines hacen de la Alhambra una visita obligada para todo turista. Las atracciones dentro de la Alhambra La Alhambra alberga ... <a title=\"Alhambra: atracciones, consejos y entradas\" class=\"read-more\" href=\"https:\/\/www.granada-card.com\/es\/alhambra\/\" aria-label=\"Leer m\u00e1s sobre Alhambra: Atracciones, consejos y entradas\">Vaciar m\u00e1s<\/a><\/p>","protected":false},"author":1,"featured_media":0,"parent":0,"menu_order":0,"comment_status":"closed","ping_status":"closed","template":"","meta":{"footnotes":""},"class_list":["post-119","page","type-page","status-publish"],"aioseo_notices":[],"_links":{"self":[{"href":"https:\/\/www.granada-card.com\/es\/wp-json\/wp\/v2\/pages\/119","targetHints":{"allow":["GET"]}}],"collection":[{"href":"https:\/\/www.granada-card.com\/es\/wp-json\/wp\/v2\/pages"}],"about":[{"href":"https:\/\/www.granada-card.com\/es\/wp-json\/wp\/v2\/types\/page"}],"author":[{"embeddable":true,"href":"https:\/\/www.granada-card.com\/es\/wp-json\/wp\/v2\/users\/1"}],"replies":[{"embeddable":true,"href":"https:\/\/www.granada-card.com\/es\/wp-json\/wp\/v2\/comments?post=119"}],"version-history":[{"count":15,"href":"https:\/\/www.granada-card.com\/es\/wp-json\/wp\/v2\/pages\/119\/revisions"}],"predecessor-version":[{"id":255,"href":"https:\/\/www.granada-card.com\/es\/wp-json\/wp\/v2\/pages\/119\/revisions\/255"}],"wp:attachment":[{"href":"https:\/\/www.granada-card.com\/es\/wp-json\/wp\/v2\/media?parent=119"}],"curies":[{"name":"wp","href":"https:\/\/api.w.org\/{rel}","templated":true}]}}