{"id":106,"date":"2024-10-09T07:31:57","date_gmt":"2024-10-09T07:31:57","guid":{"rendered":"https:\/\/www.granada-card.com\/?page_id=106"},"modified":"2026-01-22T11:03:58","modified_gmt":"2026-01-22T11:03:58","slug":"contact","status":"publish","type":"page","link":"https:\/\/www.granada-card.com\/fr\/kontakt\/","title":{"rendered":"Contact"},"content":{"rendered":"<p><strong>Granada-Card.com n'est pas un site officiel.<\/strong> Si vous avez des questions sur la Granada Card ou sur la visite de l'Alhambra, n'h\u00e9sitez pas \u00e0 contacter l'office du tourisme de Grenade ou GranadaTur.<\/p>\n\n\n\n<h4 class=\"wp-block-heading\">Coordonn\u00e9es de l'office du tourisme<\/h4>\n\n\n\n<ul class=\"wp-block-list\">\n<li>Adresse : Oficina de Turismo de Granada, C. Almona del Campillo, 2, Local B, Centro, 18009 Granada, Espagne<\/li>\n\n\n\n<li>T\u00e9l : +34 958 24 71 28<\/li>\n\n\n\n<li>T\u00e9l. Granada Card : +34 858 880 990<\/li>\n\n\n\n<li>E-mail:&nbsp;turismo@granada.org<\/li>\n<\/ul>\n\n\n<style>.wp-block-kadence-spacer.kt-block-spacer-106_500094-bd .kt-block-spacer{height:60px;}.wp-block-kadence-spacer.kt-block-spacer-106_500094-bd .kt-divider{border-top-width:1px;height:1px;border-top-color:#eee;width:80%;border-top-style:solid;}<\/style>\n<div class=\"wp-block-kadence-spacer aligncenter kt-block-spacer-106_500094-bd\"><div class=\"kt-block-spacer kt-block-spacer-halign-center\"><hr class=\"kt-divider\"\/><\/div><\/div>\n\n\n\n<h4 class=\"wp-block-heading\">Coordonn\u00e9es de GranadaTur<\/h4>\n\n\n\n<ul class=\"wp-block-list\">\n<li>Adresse : Pza. Del Carmen s\/n. 18071, Granada<\/li>\n\n\n\n<li>T\u00e9l : (+34) 858 880 990<\/li>\n\n\n\n<li>Courrier \u00e9lectronique : granadatur@clorian.com<\/li>\n<\/ul>\n\n\n<style>.wp-block-kadence-spacer.kt-block-spacer-106_66ef78-08 .kt-block-spacer{height:60px;}.wp-block-kadence-spacer.kt-block-spacer-106_66ef78-08 .kt-divider{border-top-width:1px;height:1px;border-top-color:#eee;width:80%;border-top-style:solid;}<\/style>\n<div class=\"wp-block-kadence-spacer aligncenter kt-block-spacer-106_66ef78-08\"><div class=\"kt-block-spacer kt-block-spacer-halign-center\"><hr class=\"kt-divider\"\/><\/div><\/div>\n\n\n\n<h4 class=\"wp-block-heading\">Coordonn\u00e9es de Headout<\/h4>\n\n\n\n<p>Si vous avez d\u00e9j\u00e0 achet\u00e9 votre Granada Card ou un billet d'entr\u00e9e aupr\u00e8s de Headout, veuillez contacter le service client\u00e8le :<\/p>\n\n\n\n<ul class=\"wp-block-list\">\n<li><a href=\"https:\/\/www.headout.com\/de\/help\/\" target=\"_blank\" rel=\"noopener\" title=\"\">Aide pour une r\u00e9servation existante<\/a><\/li>\n\n\n\n<li>T\u00e9l. : +1 3478 9701 00<\/li>\n\n\n\n<li>Courrier \u00e9lectronique : support@headout.com<\/li>\n<\/ul>\n\n\n\n<p>Vous pouvez \u00e9galement utiliser le chat en direct qui s'affiche sur le site web de Headout.<\/p>","protected":false},"excerpt":{"rendered":"<p>Granada-Card.com n'est pas un site officiel. Si vous avez des questions concernant la Granada Card ou la visite de l'Alhambra, veuillez contacter l'office du tourisme de Grenade ou GranadaTur. Coordonn\u00e9es de l'office du tourisme Coordonn\u00e9es de GranadaTur Coordonn\u00e9es de Headout Si vous avez d\u00e9j\u00e0 achet\u00e9 votre Granada Card ou un billet d'entr\u00e9e chez Headout, veuillez contacter le service client\u00e8le : Vous pouvez \u00e9galement utiliser le chat en direct ... <a title=\"Contact\" class=\"read-more\" href=\"https:\/\/www.granada-card.com\/fr\/kontakt\/\" aria-label=\"En savoir plus sur Kontakt\">Lire la suite<\/a><\/p>","protected":false},"author":1,"featured_media":0,"parent":0,"menu_order":0,"comment_status":"closed","ping_status":"closed","template":"","meta":{"footnotes":""},"class_list":["post-106","page","type-page","status-publish"],"aioseo_notices":[],"_links":{"self":[{"href":"https:\/\/www.granada-card.com\/fr\/wp-json\/wp\/v2\/pages\/106","targetHints":{"allow":["GET"]}}],"collection":[{"href":"https:\/\/www.granada-card.com\/fr\/wp-json\/wp\/v2\/pages"}],"about":[{"href":"https:\/\/www.granada-card.com\/fr\/wp-json\/wp\/v2\/types\/page"}],"author":[{"embeddable":true,"href":"https:\/\/www.granada-card.com\/fr\/wp-json\/wp\/v2\/users\/1"}],"replies":[{"embeddable":true,"href":"https:\/\/www.granada-card.com\/fr\/wp-json\/wp\/v2\/comments?post=106"}],"version-history":[{"count":6,"href":"https:\/\/www.granada-card.com\/fr\/wp-json\/wp\/v2\/pages\/106\/revisions"}],"predecessor-version":[{"id":310,"href":"https:\/\/www.granada-card.com\/fr\/wp-json\/wp\/v2\/pages\/106\/revisions\/310"}],"wp:attachment":[{"href":"https:\/\/www.granada-card.com\/fr\/wp-json\/wp\/v2\/media?parent=106"}],"curies":[{"name":"wp","href":"https:\/\/api.w.org\/{rel}","templated":true}]}}