{"id":119,"date":"2024-10-09T09:23:31","date_gmt":"2024-10-09T09:23:31","guid":{"rendered":"https:\/\/www.granada-card.com\/?page_id=119"},"modified":"2025-03-26T09:30:58","modified_gmt":"2025-03-26T09:30:58","slug":"alhambra","status":"publish","type":"page","link":"https:\/\/www.granada-card.com\/fr\/alhambra\/","title":{"rendered":"Alhambra : attractions, conseils et billets"},"content":{"rendered":"<p>L'Alhambra est l'un des monuments historiques les plus fascinants et les plus importants d'Espagne. Cet impressionnant palais et forteresse de Grenade attire chaque ann\u00e9e des millions de visiteurs et a \u00e9t\u00e9 class\u00e9 au patrimoine mondial de l'UNESCO en 1984. Son architecture mauresque, ses d\u00e9tails artistiques et ses magnifiques jardins font de l'Alhambra un lieu incontournable pour tous les touristes.<\/p>\n\n\n\n<figure class=\"wp-block-image size-full\"><img loading=\"lazy\" decoding=\"async\" width=\"1000\" height=\"500\" src=\"https:\/\/www.granada-card.com\/wp-content\/uploads\/2024\/10\/alhambra-afternoon.jpg\" alt=\"L&#039;Alhambra dans la lumi\u00e8re de l&#039;apr\u00e8s-midi\" class=\"wp-image-131\" srcset=\"https:\/\/www.granada-card.com\/wp-content\/uploads\/2024\/10\/alhambra-afternoon.jpg 1000w, https:\/\/www.granada-card.com\/wp-content\/uploads\/2024\/10\/alhambra-afternoon-300x150.jpg 300w, https:\/\/www.granada-card.com\/wp-content\/uploads\/2024\/10\/alhambra-afternoon-768x384.jpg 768w, https:\/\/www.granada-card.com\/wp-content\/uploads\/2024\/10\/alhambra-afternoon-18x9.jpg 18w\" sizes=\"auto, (max-width: 1000px) 100vw, 1000px\" \/><figcaption class=\"wp-element-caption\">\u00a9 Jorge Fern\u00e1ndez Salas \/ Unsplash<\/figcaption><\/figure>\n\n\n\n<div style=\"height:30px\" aria-hidden=\"true\" class=\"wp-block-spacer\"><\/div>\n\n\n\n<h3 class=\"wp-block-heading\">Les attractions \u00e0 l'int\u00e9rieur de l'Alhambra<\/h3>\n\n\n\n<p>L'Alhambra abrite plusieurs sites remarquables \u00e0 ne pas manquer :<\/p>\n\n\n\n<ul class=\"wp-block-list\">\n<li><strong>Les palais nasrides :<\/strong> Ces magnifiques palais constituent le c\u0153ur de l'Alhambra. Leurs patios artistiques, leurs stucs filigran\u00e9s et leurs bassins d'eau cr\u00e9ent une atmosph\u00e8re de calme et de beaut\u00e9. La cour des Lions et la Sala de los Abencerrajes valent particuli\u00e8rement le coup d'\u0153il. Une r\u00e9servation est n\u00e9cessaire pour visiter les palais nasrides (\u00e9galement pour les d\u00e9tenteurs de la Granada Card).<\/li>\n\n\n\n<li><strong>Le G\u00e9n\u00e9ralife :<\/strong> Les jardins du Generalife sont un havre de paix et offrent des vues \u00e0 couper le souffle sur la ville de Grenade. Fl\u00e2nez sur les terrasses et profitez de la diversit\u00e9 des plantes et des fleurs qui ornent les jardins.<\/li>\n\n\n\n<li><strong>Alcazaba :<\/strong> La forteresse de l'Alhambra, connue sous le nom d'Alcazaba, offre une vue imposante sur les environs. On peut y explorer les impressionnantes murailles et monter sur les tours, d'o\u00f9 l'on a une vue magnifique sur la ville et la Sierra Nevada.<\/li>\n\n\n\n<li><strong>Palais de Charles Quint :<\/strong> Cette construction Renaissance contraste fortement avec l'architecture mauresque de l'Alhambra. Le palais abrite aujourd'hui le Museo de la Alhambra, qui pr\u00e9sente l'art et l'histoire de la r\u00e9gion.<\/li>\n<\/ul>\n\n\n\n<figure class=\"wp-block-image size-full\"><img loading=\"lazy\" decoding=\"async\" width=\"1000\" height=\"550\" src=\"https:\/\/www.granada-card.com\/wp-content\/uploads\/2024\/10\/alhambra-nasrid-palaces.jpg\" alt=\"Alhambra : Palais Nasrid\" class=\"wp-image-133\" srcset=\"https:\/\/www.granada-card.com\/wp-content\/uploads\/2024\/10\/alhambra-nasrid-palaces.jpg 1000w, https:\/\/www.granada-card.com\/wp-content\/uploads\/2024\/10\/alhambra-nasrid-palaces-300x165.jpg 300w, https:\/\/www.granada-card.com\/wp-content\/uploads\/2024\/10\/alhambra-nasrid-palaces-768x422.jpg 768w, https:\/\/www.granada-card.com\/wp-content\/uploads\/2024\/10\/alhambra-nasrid-palaces-18x10.jpg 18w\" sizes=\"auto, (max-width: 1000px) 100vw, 1000px\" \/><figcaption class=\"wp-element-caption\">\u00a9 Austin Gardner \/ Unsplash<\/figcaption><\/figure>\n\n\n\n<p>Voir la structure de l'Alhambra sur la carte officielle interactive : <a href=\"https:\/\/mapalhambra.com\/\" target=\"_blank\" rel=\"noopener\" title=\"\">MapAlhambra.com<\/a>.<\/p>\n\n\n<style>.wp-block-kadence-spacer.kt-block-spacer-119_03ef25-94 .kt-block-spacer{height:60px;}.wp-block-kadence-spacer.kt-block-spacer-119_03ef25-94 .kt-divider{border-top-width:1px;height:1px;border-top-color:#eee;width:80%;border-top-style:solid;}<\/style>\n<div class=\"wp-block-kadence-spacer aligncenter kt-block-spacer-119_03ef25-94\"><div class=\"kt-block-spacer kt-block-spacer-halign-center\"><hr class=\"kt-divider\"\/><\/div><\/div>\n\n\n\n<h3 class=\"wp-block-heading\">Prix d'entr\u00e9e et billets<\/h3>\n\n\n\n<p>Les prix d'entr\u00e9e \u00e0 l'Alhambra varient en fonction du type de billet. Il existe des billets combin\u00e9s pour l'ensemble du complexe ainsi que des billets individuels pour des zones sp\u00e9cifiques. Des r\u00e9ductions sont disponibles pour les \u00e9tudiants, les personnes \u00e2g\u00e9es et les enfants. <strong>Attention !<\/strong> Tous les types de r\u00e9ductions ne sont g\u00e9n\u00e9ralement disponibles que sur le site officiel (<a href=\"https:\/\/tickets.alhambra-patronato.es\/en\/producto\/alhambra-general\/\" target=\"_blank\" rel=\"noopener\" title=\"\">Alhambra-Patronato.es<\/a>). Les billets r\u00e9guliers y sont aussi g\u00e9n\u00e9ralement un peu moins chers, mais pas toujours disponibles.<\/p>\n\n\n\n<p>Pour \u00e9viter les files d'attente, il est conseill\u00e9 de r\u00e9server les billets en ligne \u00e0 l'avance. Cela garantit l'entr\u00e9e \u00e0 l'heure que tu souhaites, surtout en haute saison. Si les touristes sont particuli\u00e8rement nombreux \u00e0 Grenade, tu dois imp\u00e9rativement r\u00e9server ton billet d'entr\u00e9e \u00e0 l'avance sur Internet.<\/p>\n\n\n\n<ul class=\"wp-block-list\">\n<li><a href=\"https:\/\/www.getyourguide.fr\/alhambra-l2772\/tageskarte-alhambra-generalife-und-nasridenpalaste-t75398?partner_id=B0910&amp;cmp=granada-card&amp;mkt_cmp=true\" target=\"_blank\" rel=\"noopener nofollow sponsored\" title=\"\">Billet d'entr\u00e9e \u00e0 l'Alhambra, y compris les palais nasrides<\/a><\/li>\n\n\n\n<li><a href=\"https:\/\/www.headout.com\/r\/hop-on-hop-off-busrecommends-hJJ78\/\" target=\"_blank\" rel=\"noopener nofollow sponsored\" title=\"\">Billets d'entr\u00e9e \u00e0 l'Alhambra avec\/sans les palais nasrides<\/a><\/li>\n<\/ul>\n\n\n\n<p>L'Alhambra fait \u00e9galement partie de la Granada Card. Nous vous recommandons d'acheter la Granada Card si vous souhaitez \u00e9galement visiter d'autres sites de Grenade ou utiliser le train touristique par exemple.<\/p>\n\n\n<style>.wp-block-kadence-spacer.kt-block-spacer-119_eb69af-7a .kt-block-spacer{height:60px;}.wp-block-kadence-spacer.kt-block-spacer-119_eb69af-7a .kt-divider{border-top-width:1px;height:1px;border-top-color:#eee;width:80%;border-top-style:solid;}<\/style>\n<div class=\"wp-block-kadence-spacer aligncenter kt-block-spacer-119_eb69af-7a\"><div class=\"kt-block-spacer kt-block-spacer-halign-center\"><hr class=\"kt-divider\"\/><\/div><\/div>\n\n\n\n<h3 class=\"wp-block-heading\">Visites guid\u00e9es et audioguides<\/h3>\n\n\n\n<p>Pour tirer le meilleur parti de votre visite, vous pouvez participer \u00e0 une visite guid\u00e9e. Celles-ci offrent un aper\u00e7u plus approfondi de l'histoire et de l'architecture de l'Alhambra. <\/p>\n\n\n\n<p>Des audioguides sont \u00e9galement disponibles en plusieurs langues. Ils vous fourniront de pr\u00e9cieuses informations et des histoires int\u00e9ressantes tout au long de la visite.<\/p>\n\n\n\n<ul class=\"wp-block-list\">\n<li><a href=\"https:\/\/www.headout.com\/r\/hop-on-hop-off-busrecommends-4OSO3\/\" target=\"_blank\" rel=\"noreferrer noopener\">Visite guid\u00e9e de l'Alhambra et des palais nasrides<\/a><\/li>\n\n\n\n<li><a href=\"https:\/\/www.tiqets.com\/fr\/checkout\/alhambra-und-nasridenpalaste-private-gefuhrte-touren-g1090895\/?partner=101places\" target=\"_blank\" rel=\"noreferrer noopener\">Visite guid\u00e9e priv\u00e9e de l'Alhambra<\/a><\/li>\n\n\n\n<li><a href=\"https:\/\/www.tiqets.com\/fr\/activites-attractions-grenade-c66003\/billets-pour-alhambra-nasrid-palaces-guided-tour-city-pass-card-p1064303\/?partner=101places\" target=\"_blank\" rel=\"noreferrer noopener\">Granada Card + visite guid\u00e9e de l'Alhambra<\/a><\/li>\n\n\n\n<li><a href=\"https:\/\/www.headout.com\/r\/hop-on-hop-off-busrecommends-hJJ78\/\" target=\"_blank\" rel=\"noopener nofollow sponsored\" title=\"\">Billets d'entr\u00e9e avec audioguide en option<\/a><\/li>\n<\/ul>\n\n\n<style>.wp-block-kadence-spacer.kt-block-spacer-119_9630cf-d1 .kt-block-spacer{height:60px;}.wp-block-kadence-spacer.kt-block-spacer-119_9630cf-d1 .kt-divider{border-top-width:1px;height:1px;border-top-color:#eee;width:80%;border-top-style:solid;}<\/style>\n<div class=\"wp-block-kadence-spacer aligncenter kt-block-spacer-119_9630cf-d1\"><div class=\"kt-block-spacer kt-block-spacer-halign-center\"><hr class=\"kt-divider\"\/><\/div><\/div>\n\n\n\n<h2 class=\"wp-block-heading\">H\u00f4tels proches de l'Alhambra<\/h2>\n\n\n\n<iframe loading=\"lazy\" id=\"stay22-widget\" width=\"100%\" height=\"428\" src=\"https:\/\/www.stay22.com\/embed\/67e2b587e80667de7022ecd8\" frameborder=\"0\"><\/iframe>\n\n\n<style>.wp-block-kadence-spacer.kt-block-spacer-119_3b5373-8b .kt-block-spacer{height:60px;}.wp-block-kadence-spacer.kt-block-spacer-119_3b5373-8b .kt-divider{border-top-width:1px;height:1px;border-top-color:#eee;width:80%;border-top-style:solid;}<\/style>\n<div class=\"wp-block-kadence-spacer aligncenter kt-block-spacer-119_3b5373-8b\"><div class=\"kt-block-spacer kt-block-spacer-halign-center\"><hr class=\"kt-divider\"\/><\/div><\/div>\n\n\n\n<h3 class=\"wp-block-heading\">Conseils pour la visite<\/h3>\n\n\n\n<p>Pour tirer le meilleur parti de votre visite, voici quelques conseils utiles :<\/p>\n\n\n\n<ul class=\"wp-block-list\">\n<li><strong>Des visites t\u00f4t ou tard :<\/strong> L'Alhambra peut \u00eatre tr\u00e8s fr\u00e9quent\u00e9e aux heures de pointe. Une visite t\u00f4t le matin ou en fin d'apr\u00e8s-midi permet d'\u00e9viter la foule.<\/li>\n\n\n\n<li><strong>Des chaussures confortables :<\/strong> Comme il faut beaucoup marcher, des chaussures confortables sont indispensables. Les chemins sont souvent raides et accident\u00e9s. Il faut compter environ trois heures de visite.<\/li>\n\n\n\n<li><strong>Ne pas oublier l'appareil photo :<\/strong> L'Alhambra offre de superbes motifs de photo, des d\u00e9tails artistiques des palais aux jardins pittoresques.<\/li>\n\n\n\n<li><strong>Respecter les r\u00e8gles :<\/strong> Veillez \u00e0 respecter les r\u00e8gles de conduite \u00e0 l'Alhambra afin de pr\u00e9server la beaut\u00e9 et l'int\u00e9grit\u00e9 du lieu.<\/li>\n<\/ul>\n\n\n\n<figure class=\"wp-block-image size-full\"><img loading=\"lazy\" decoding=\"async\" width=\"1000\" height=\"450\" src=\"https:\/\/www.granada-card.com\/wp-content\/uploads\/2024\/10\/alhambra-palace.jpg\" alt=\"Alhambra : Palacio de Carlos V\" class=\"wp-image-134\" srcset=\"https:\/\/www.granada-card.com\/wp-content\/uploads\/2024\/10\/alhambra-palace.jpg 1000w, https:\/\/www.granada-card.com\/wp-content\/uploads\/2024\/10\/alhambra-palace-300x135.jpg 300w, https:\/\/www.granada-card.com\/wp-content\/uploads\/2024\/10\/alhambra-palace-768x346.jpg 768w, https:\/\/www.granada-card.com\/wp-content\/uploads\/2024\/10\/alhambra-palace-18x8.jpg 18w\" sizes=\"auto, (max-width: 1000px) 100vw, 1000px\" \/><figcaption class=\"wp-element-caption\">\u00a9 C\u00e9sar HZ \/ Unsplash<\/figcaption><\/figure>\n\n\n<style>.wp-block-kadence-spacer.kt-block-spacer-119_6bb547-3d .kt-block-spacer{height:60px;}.wp-block-kadence-spacer.kt-block-spacer-119_6bb547-3d .kt-divider{border-top-width:1px;height:1px;border-top-color:#eee;width:80%;border-top-style:solid;}<\/style>\n<div class=\"wp-block-kadence-spacer aligncenter kt-block-spacer-119_6bb547-3d\"><div class=\"kt-block-spacer kt-block-spacer-halign-center\"><hr class=\"kt-divider\"\/><\/div><\/div>\n\n\n\n<h3 class=\"wp-block-heading\">Se rendre \u00e0 l'Alhambra<\/h3>\n\n\n\n<p>L'acc\u00e8s \u00e0 l'Alhambra est simple. Si vous venez en voiture, vous trouverez plusieurs possibilit\u00e9s de stationnement \u00e0 proximit\u00e9, dont le parking de l'Alhambra. Le parking peut accueillir 360 v\u00e9hicules et est surveill\u00e9 24 heures sur 24.<\/p>\n\n\n\n<p>Vous pouvez \u00e9galement utiliser les transports en commun : Plusieurs lignes de bus relient le centre-ville \u00e0 l'Alhambra et circulent r\u00e9guli\u00e8rement :<\/p>\n\n\n\n<ul class=\"wp-block-list\">\n<li>C30 : Alhambra-Centro (Plaza Isabel la Cat\u00f3lica).<\/li>\n\n\n\n<li>C32 : Alhambra-Albaic\u00edn.<\/li>\n\n\n\n<li>C35 : Cementerio-Barranco del Abogado-Centro.<\/li>\n<\/ul>\n\n\n<style>.wp-block-kadence-spacer.kt-block-spacer-119_4621fa-fa .kt-block-spacer{height:60px;}.wp-block-kadence-spacer.kt-block-spacer-119_4621fa-fa .kt-divider{border-top-width:1px;height:1px;border-top-color:#eee;width:80%;border-top-style:solid;}<\/style>\n<div class=\"wp-block-kadence-spacer aligncenter kt-block-spacer-119_4621fa-fa\"><div class=\"kt-block-spacer kt-block-spacer-halign-center\"><hr class=\"kt-divider\"\/><\/div><\/div>\n\n\n\n<h3 class=\"wp-block-heading\">Heures d'ouverture<\/h3>\n\n\n\n<p>Les heures d'ouverture de l'Alhambra varient en fonction de la saison :<\/p>\n\n\n\n<ul class=\"wp-block-list\">\n<li>1er avril - 14 octobre : 08h30 \u00e0 20h00<\/li>\n\n\n\n<li>15 octobre - 31 mars : 08h30 \u00e0 18h00<\/li>\n<\/ul>\n\n\n\n<p>En dehors de ces heures d'ouverture, des visites nocturnes sp\u00e9ciales et des visites exclusives de l'Alhambra sont organis\u00e9es.<\/p>\n\n\n\n<p>Il est conseill\u00e9 de venir t\u00f4t le matin ou tard l'apr\u00e8s-midi, surtout pendant les mois d'\u00e9t\u00e9, afin d'\u00e9viter la foule et de profiter de l'air frais des jardins.<\/p>\n\n\n\n<p>L'Alhambra est ferm\u00e9 le 25 d\u00e9cembre (No\u00ebl) et le 1er janvier (Nouvel An).<\/p>","protected":false},"excerpt":{"rendered":"<p>L'Alhambra est l'un des monuments historiques les plus fascinants et les plus importants d'Espagne. Cet impressionnant palais et forteresse de Grenade attire chaque ann\u00e9e des millions de visiteurs et a \u00e9t\u00e9 class\u00e9 au patrimoine mondial de l'UNESCO en 1984. Son architecture mauresque, ses d\u00e9tails artistiques et ses magnifiques jardins font de l'Alhambra un lieu incontournable pour tous les touristes. Les attractions au sein de l'Alhambra L'Alhambra abrite ... <a title=\"Alhambra : attractions, conseils et billets\" class=\"read-more\" href=\"https:\/\/www.granada-card.com\/fr\/alhambra\/\" aria-label=\"En savoir plus sur Alhambra: Attraktionen, Tipps &amp; Tickets\">Lire la suite<\/a><\/p>","protected":false},"author":1,"featured_media":0,"parent":0,"menu_order":0,"comment_status":"closed","ping_status":"closed","template":"","meta":{"footnotes":""},"class_list":["post-119","page","type-page","status-publish"],"aioseo_notices":[],"_links":{"self":[{"href":"https:\/\/www.granada-card.com\/fr\/wp-json\/wp\/v2\/pages\/119","targetHints":{"allow":["GET"]}}],"collection":[{"href":"https:\/\/www.granada-card.com\/fr\/wp-json\/wp\/v2\/pages"}],"about":[{"href":"https:\/\/www.granada-card.com\/fr\/wp-json\/wp\/v2\/types\/page"}],"author":[{"embeddable":true,"href":"https:\/\/www.granada-card.com\/fr\/wp-json\/wp\/v2\/users\/1"}],"replies":[{"embeddable":true,"href":"https:\/\/www.granada-card.com\/fr\/wp-json\/wp\/v2\/comments?post=119"}],"version-history":[{"count":15,"href":"https:\/\/www.granada-card.com\/fr\/wp-json\/wp\/v2\/pages\/119\/revisions"}],"predecessor-version":[{"id":255,"href":"https:\/\/www.granada-card.com\/fr\/wp-json\/wp\/v2\/pages\/119\/revisions\/255"}],"wp:attachment":[{"href":"https:\/\/www.granada-card.com\/fr\/wp-json\/wp\/v2\/media?parent=119"}],"curies":[{"name":"wp","href":"https:\/\/api.w.org\/{rel}","templated":true}]}}