{"id":119,"date":"2024-10-09T09:23:31","date_gmt":"2024-10-09T09:23:31","guid":{"rendered":"https:\/\/www.granada-card.com\/?page_id=119"},"modified":"2025-03-26T09:30:58","modified_gmt":"2025-03-26T09:30:58","slug":"alhambra","status":"publish","type":"page","link":"https:\/\/www.granada-card.com\/it\/alhambra\/","title":{"rendered":"Alhambra: attrazioni, consigli e biglietti"},"content":{"rendered":"<p>L'Alhambra \u00e8 uno dei monumenti storici pi\u00f9 affascinanti e importanti della Spagna. Questo imponente complesso di palazzi e fortezze di Granada attira milioni di visitatori ogni anno ed \u00e8 stato dichiarato Patrimonio dell'Umanit\u00e0 dall'UNESCO nel 1984. La sua architettura moresca, i dettagli ornamentali e i magnifici giardini rendono l'Alhambra una meta imperdibile per ogni turista.<\/p>\n\n\n\n<figure class=\"wp-block-image size-full\"><img loading=\"lazy\" decoding=\"async\" width=\"1000\" height=\"500\" src=\"https:\/\/www.granada-card.com\/wp-content\/uploads\/2024\/10\/alhambra-afternoon.jpg\" alt=\"L&#039;Alhambra nella luce del pomeriggio\" class=\"wp-image-131\" srcset=\"https:\/\/www.granada-card.com\/wp-content\/uploads\/2024\/10\/alhambra-afternoon.jpg 1000w, https:\/\/www.granada-card.com\/wp-content\/uploads\/2024\/10\/alhambra-afternoon-300x150.jpg 300w, https:\/\/www.granada-card.com\/wp-content\/uploads\/2024\/10\/alhambra-afternoon-768x384.jpg 768w, https:\/\/www.granada-card.com\/wp-content\/uploads\/2024\/10\/alhambra-afternoon-18x9.jpg 18w\" sizes=\"auto, (max-width: 1000px) 100vw, 1000px\" \/><figcaption class=\"wp-element-caption\">\u00a9 Jorge Fern\u00e1ndez Salas \/ Unsplash<\/figcaption><\/figure>\n\n\n\n<div style=\"height:30px\" aria-hidden=\"true\" class=\"wp-block-spacer\"><\/div>\n\n\n\n<h3 class=\"wp-block-heading\">Le attrazioni dell'Alhambra<\/h3>\n\n\n\n<p>L'Alhambra ospita numerose attrazioni degne di nota che non dovete assolutamente perdere:<\/p>\n\n\n\n<ul class=\"wp-block-list\">\n<li><strong>Palazzi nazar\u00ec:<\/strong> Questi magnifici palazzi costituiscono il cuore dell'Alhambra. I loro cortili ornati, gli intricati stucchi e i bacini d'acqua creano un'atmosfera di tranquillit\u00e0 e bellezza. Il Cortile dei Leoni e la Sala degli Abencerrajes sono particolarmente degni di nota. Per visitare i Palazzi Nazar\u00ed \u00e8 necessaria la prenotazione (anche per i possessori della Granada Card).<\/li>\n\n\n\n<li><strong>Generalife:<\/strong> I giardini del Generalife sono un'oasi di pace e offrono una vista mozzafiato sulla citt\u00e0 di Granada. Passeggiate sulle terrazze e godetevi la variet\u00e0 di piante e fiori che adornano i giardini.<\/li>\n\n\n\n<li><strong>Alcazaba:<\/strong> La fortezza dell'Alhambra, nota come Alcazaba, offre una vista impressionante sulla zona circostante. Qui \u00e8 possibile esplorare le imponenti mura e salire sulle torri, da cui si gode di una meravigliosa vista sulla citt\u00e0 e sulla Sierra Nevada.<\/li>\n\n\n\n<li><strong>Palazzo di Carlo V.:<\/strong> Questo edificio rinascimentale \u00e8 in netto contrasto con l'architettura moresca dell'Alhambra. Il palazzo ospita oggi il Museo de la Alhambra, che presenta l'arte e la storia della regione.<\/li>\n<\/ul>\n\n\n\n<figure class=\"wp-block-image size-full\"><img loading=\"lazy\" decoding=\"async\" width=\"1000\" height=\"550\" src=\"https:\/\/www.granada-card.com\/wp-content\/uploads\/2024\/10\/alhambra-nasrid-palaces.jpg\" alt=\"Alhambra: palazzi nazar\u00ec\" class=\"wp-image-133\" srcset=\"https:\/\/www.granada-card.com\/wp-content\/uploads\/2024\/10\/alhambra-nasrid-palaces.jpg 1000w, https:\/\/www.granada-card.com\/wp-content\/uploads\/2024\/10\/alhambra-nasrid-palaces-300x165.jpg 300w, https:\/\/www.granada-card.com\/wp-content\/uploads\/2024\/10\/alhambra-nasrid-palaces-768x422.jpg 768w, https:\/\/www.granada-card.com\/wp-content\/uploads\/2024\/10\/alhambra-nasrid-palaces-18x10.jpg 18w\" sizes=\"auto, (max-width: 1000px) 100vw, 1000px\" \/><figcaption class=\"wp-element-caption\">Austin Gardner \/ Unsplash<\/figcaption><\/figure>\n\n\n\n<p>Consultate la mappa ufficiale interattiva dell'Alhambra: <a href=\"https:\/\/mapalhambra.com\/\" target=\"_blank\" rel=\"noopener\" title=\"\">MappaAlhambra.com<\/a>.<\/p>\n\n\n<style>.wp-block-kadence-spacer.kt-block-spacer-119_03ef25-94 .kt-block-spacer{height:60px;}.wp-block-kadence-spacer.kt-block-spacer-119_03ef25-94 .kt-divider{border-top-width:1px;height:1px;border-top-color:#eee;width:80%;border-top-style:solid;}<\/style>\n<div class=\"wp-block-kadence-spacer aligncenter kt-block-spacer-119_03ef25-94\"><div class=\"kt-block-spacer kt-block-spacer-halign-center\"><hr class=\"kt-divider\"\/><\/div><\/div>\n\n\n\n<h3 class=\"wp-block-heading\">Prezzi d'ingresso e biglietti<\/h3>\n\n\n\n<p>I prezzi d'ingresso all'Alhambra variano a seconda del tipo di biglietto. Esistono biglietti combinati per l'intero complesso e biglietti singoli per aree specifiche. Sono previsti sconti per studenti, anziani e bambini. <strong>Attenzione:<\/strong> Tutti i tipi di sconti sono solitamente disponibili solo sul sito ufficiale (<a href=\"https:\/\/tickets.alhambra-patronato.es\/en\/producto\/alhambra-general\/\" target=\"_blank\" rel=\"noopener\" title=\"\">Alhambra-Patronato.es<\/a>). I biglietti regolari sono di solito un po' pi\u00f9 economici, ma non sempre sono disponibili.<\/p>\n\n\n\n<p>Per evitare le code, \u00e8 consigliabile prenotare i biglietti online in anticipo. Questo garantisce l'ingresso all'orario desiderato, soprattutto in alta stagione. Se a Granada ci sono molti turisti, \u00e8 essenziale prenotare il biglietto online in anticipo.<\/p>\n\n\n\n<ul class=\"wp-block-list\">\n<li><a href=\"https:\/\/www.getyourguide.it\/alhambra-l2772\/tageskarte-alhambra-generalife-und-nasridenpalaste-t75398?partner_id=B0910&amp;cmp=granada-card&amp;mkt_cmp=true\" target=\"_blank\" rel=\"noopener nofollow sponsored\" title=\"\">Biglietto d'ingresso per l'Alhambra, compresi i Palazzi Nasridi<\/a><\/li>\n\n\n\n<li><a href=\"https:\/\/www.headout.com\/r\/hop-on-hop-off-busrecommends-hJPNj\/\" target=\"_blank\" rel=\"noopener nofollow sponsored\" title=\"\">Biglietti per Alhambra con\/senza Palazzi Nasridi<\/a><\/li>\n<\/ul>\n\n\n\n<p>Anche l'Alhambra fa parte della Granada Card. Vi consigliamo di acquistare la Granada Card se desiderate visitare anche altre attrazioni di Granada o utilizzare il treno turistico, ad esempio.<\/p>\n\n\n<style>.wp-block-kadence-spacer.kt-block-spacer-119_eb69af-7a .kt-block-spacer{height:60px;}.wp-block-kadence-spacer.kt-block-spacer-119_eb69af-7a .kt-divider{border-top-width:1px;height:1px;border-top-color:#eee;width:80%;border-top-style:solid;}<\/style>\n<div class=\"wp-block-kadence-spacer aligncenter kt-block-spacer-119_eb69af-7a\"><div class=\"kt-block-spacer kt-block-spacer-halign-center\"><hr class=\"kt-divider\"\/><\/div><\/div>\n\n\n\n<h3 class=\"wp-block-heading\">Visite guidate e audioguide<\/h3>\n\n\n\n<p>Per godere al meglio della visita, \u00e8 possibile partecipare a una visita guidata. Queste offrono una visione pi\u00f9 approfondita della storia e dell'architettura dell'Alhambra. <\/p>\n\n\n\n<p>In alternativa, sono disponibili audioguide in varie lingue per fornire informazioni preziose e storie interessanti durante il tour.<\/p>\n\n\n\n<ul class=\"wp-block-list\">\n<li><a href=\"https:\/\/www.headout.com\/r\/hop-on-hop-off-busrecommends-4OVDd\/\" target=\"_blank\" rel=\"noreferrer noopener\">Visita guidata dell'Alhambra e dei Palazzi Nasridi<\/a><\/li>\n\n\n\n<li><a href=\"https:\/\/www.tiqets.com\/it\/checkout\/alhambra-und-nasridenpalaste-private-gefuhrte-touren-g1090895\/?partner=101places\" target=\"_blank\" rel=\"noreferrer noopener\">Visita guidata privata dell'Alhambra<\/a><\/li>\n\n\n\n<li><a href=\"https:\/\/www.tiqets.com\/it\/attrazioni-granada-c66003\/biglietti-per-alhambra-nasrid-palaces-guided-tour-city-pass-card-p1064303\/?partner=101places\" target=\"_blank\" rel=\"noreferrer noopener\">Granada Card + visita guidata all'Alhambra<\/a><\/li>\n\n\n\n<li><a href=\"https:\/\/www.headout.com\/r\/hop-on-hop-off-busrecommends-hJPNj\/\" target=\"_blank\" rel=\"noopener nofollow sponsored\" title=\"\">Biglietti d'ingresso con audioguida opzionale<\/a><\/li>\n<\/ul>\n\n\n<style>.wp-block-kadence-spacer.kt-block-spacer-119_9630cf-d1 .kt-block-spacer{height:60px;}.wp-block-kadence-spacer.kt-block-spacer-119_9630cf-d1 .kt-divider{border-top-width:1px;height:1px;border-top-color:#eee;width:80%;border-top-style:solid;}<\/style>\n<div class=\"wp-block-kadence-spacer aligncenter kt-block-spacer-119_9630cf-d1\"><div class=\"kt-block-spacer kt-block-spacer-halign-center\"><hr class=\"kt-divider\"\/><\/div><\/div>\n\n\n\n<h2 class=\"wp-block-heading\">Hotel vicino all'Alhambra<\/h2>\n\n\n\n<iframe loading=\"lazy\" id=\"stay22-widget\" width=\"100%\" height=\"428\" src=\"https:\/\/www.stay22.com\/embed\/67e2b587e80667de7022ecd8\" frameborder=\"0\"><\/iframe>\n\n\n<style>.wp-block-kadence-spacer.kt-block-spacer-119_3b5373-8b .kt-block-spacer{height:60px;}.wp-block-kadence-spacer.kt-block-spacer-119_3b5373-8b .kt-divider{border-top-width:1px;height:1px;border-top-color:#eee;width:80%;border-top-style:solid;}<\/style>\n<div class=\"wp-block-kadence-spacer aligncenter kt-block-spacer-119_3b5373-8b\"><div class=\"kt-block-spacer kt-block-spacer-halign-center\"><hr class=\"kt-divider\"\/><\/div><\/div>\n\n\n\n<h3 class=\"wp-block-heading\">Consigli per la visita<\/h3>\n\n\n\n<p>Per ottenere il massimo dalla vostra visita, ecco alcuni consigli utili:<\/p>\n\n\n\n<ul class=\"wp-block-list\">\n<li><strong>Prima o poi una visita:<\/strong> L'Alhambra pu\u00f2 essere molto affollata nelle ore di punta. Una visita al mattino presto o nel tardo pomeriggio permette di evitare la folla.<\/li>\n\n\n\n<li><strong>Scarpe comode:<\/strong> Poich\u00e9 si cammina molto, \u00e8 necessario indossare scarpe comode. I sentieri sono spesso ripidi e irregolari. La durata della visita \u00e8 di circa tre ore.<\/li>\n\n\n\n<li><strong>Non dimenticate la macchina fotografica:<\/strong> L'Alhambra offre grandi opportunit\u00e0 fotografiche, dai dettagli ornamentali dei palazzi ai pittoreschi giardini.<\/li>\n\n\n\n<li><strong>Rispettare le regole:<\/strong> Osservate le regole di comportamento nell'Alhambra per preservare la bellezza e l'integrit\u00e0 del luogo.<\/li>\n<\/ul>\n\n\n\n<figure class=\"wp-block-image size-full\"><img loading=\"lazy\" decoding=\"async\" width=\"1000\" height=\"450\" src=\"https:\/\/www.granada-card.com\/wp-content\/uploads\/2024\/10\/alhambra-palace.jpg\" alt=\"Alhambra: Palacio de Carlos V\" class=\"wp-image-134\" srcset=\"https:\/\/www.granada-card.com\/wp-content\/uploads\/2024\/10\/alhambra-palace.jpg 1000w, https:\/\/www.granada-card.com\/wp-content\/uploads\/2024\/10\/alhambra-palace-300x135.jpg 300w, https:\/\/www.granada-card.com\/wp-content\/uploads\/2024\/10\/alhambra-palace-768x346.jpg 768w, https:\/\/www.granada-card.com\/wp-content\/uploads\/2024\/10\/alhambra-palace-18x8.jpg 18w\" sizes=\"auto, (max-width: 1000px) 100vw, 1000px\" \/><figcaption class=\"wp-element-caption\">\u00a9 C\u00e9sar HZ \/ Unsplash<\/figcaption><\/figure>\n\n\n<style>.wp-block-kadence-spacer.kt-block-spacer-119_6bb547-3d .kt-block-spacer{height:60px;}.wp-block-kadence-spacer.kt-block-spacer-119_6bb547-3d .kt-divider{border-top-width:1px;height:1px;border-top-color:#eee;width:80%;border-top-style:solid;}<\/style>\n<div class=\"wp-block-kadence-spacer aligncenter kt-block-spacer-119_6bb547-3d\"><div class=\"kt-block-spacer kt-block-spacer-halign-center\"><hr class=\"kt-divider\"\/><\/div><\/div>\n\n\n\n<h3 class=\"wp-block-heading\">In viaggio verso l'Alhambra<\/h3>\n\n\n\n<p>Raggiungere l'Alhambra \u00e8 semplice. Chi arriva in auto trover\u00e0 diverse possibilit\u00e0 di parcheggio nelle vicinanze, tra cui il parcheggio multipiano \"Alhambra\". Il parcheggio pu\u00f2 ospitare 360 veicoli ed \u00e8 sorvegliato 24 ore al giorno.<\/p>\n\n\n\n<p>In alternativa, \u00e8 possibile utilizzare i trasporti pubblici: Diverse linee di autobus collegano il centro citt\u00e0 con l'Alhambra e circolano regolarmente:<\/p>\n\n\n\n<ul class=\"wp-block-list\">\n<li>C30: Alhambra-Centro (Plaza Isabel la Cat\u00f3lica).<\/li>\n\n\n\n<li>C32: Alhambra-Albaic\u00edn.<\/li>\n\n\n\n<li>C35: Cementerio-Barranco del Abogado-Centro.<\/li>\n<\/ul>\n\n\n<style>.wp-block-kadence-spacer.kt-block-spacer-119_4621fa-fa .kt-block-spacer{height:60px;}.wp-block-kadence-spacer.kt-block-spacer-119_4621fa-fa .kt-divider{border-top-width:1px;height:1px;border-top-color:#eee;width:80%;border-top-style:solid;}<\/style>\n<div class=\"wp-block-kadence-spacer aligncenter kt-block-spacer-119_4621fa-fa\"><div class=\"kt-block-spacer kt-block-spacer-halign-center\"><hr class=\"kt-divider\"\/><\/div><\/div>\n\n\n\n<h3 class=\"wp-block-heading\">Orari di apertura<\/h3>\n\n\n\n<p>Gli orari di apertura dell'Alhambra variano a seconda del periodo dell'anno:<\/p>\n\n\n\n<ul class=\"wp-block-list\">\n<li>1 aprile - 14 ottobre: dalle 08:30 alle 20:00<\/li>\n\n\n\n<li>15 ottobre - 31 marzo: dalle 08:30 alle 18:00<\/li>\n<\/ul>\n\n\n\n<p>Al di fuori di questi orari di apertura, sono previste speciali visite notturne e visite esclusive dell'Alhambra.<\/p>\n\n\n\n<p>Soprattutto nei mesi estivi, \u00e8 consigliabile recarsi al mattino presto o nel tardo pomeriggio per evitare la folla e godere dell'aria fresca dei giardini.<\/p>\n\n\n\n<p>L'Alhambra rester\u00e0 chiusa il 25 dicembre (Natale) e il 1\u00b0 gennaio (Capodanno).<\/p>","protected":false},"excerpt":{"rendered":"<p>Die Alhambra ist eines der faszinierendsten und bedeutendsten historischen Monumente Spaniens. Diese beeindruckende Palast- und Festungsanlage in Granada zieht j\u00e4hrlich Millionen von Besuchern an und wurde 1984 zum UNESCO-Weltkulturerbe erkl\u00e4rt. Ihre maurische Architektur, kunstvollen Details und herrlichen G\u00e4rten machen die Alhambra zu einem Muss f\u00fcr jeden Touristen. Die Attraktionen innerhalb der Alhambra Die Alhambra beherbergt &#8230; <a title=\"Alhambra: attrazioni, consigli e biglietti\" class=\"read-more\" href=\"https:\/\/www.granada-card.com\/it\/alhambra\/\" aria-label=\"Per saperne di pi\u00f9 su Alhambra: Attraktionen, Tipps &amp; Tickets\">Leggi tutto<\/a><\/p>","protected":false},"author":1,"featured_media":0,"parent":0,"menu_order":0,"comment_status":"closed","ping_status":"closed","template":"","meta":{"footnotes":""},"class_list":["post-119","page","type-page","status-publish"],"aioseo_notices":[],"_links":{"self":[{"href":"https:\/\/www.granada-card.com\/it\/wp-json\/wp\/v2\/pages\/119","targetHints":{"allow":["GET"]}}],"collection":[{"href":"https:\/\/www.granada-card.com\/it\/wp-json\/wp\/v2\/pages"}],"about":[{"href":"https:\/\/www.granada-card.com\/it\/wp-json\/wp\/v2\/types\/page"}],"author":[{"embeddable":true,"href":"https:\/\/www.granada-card.com\/it\/wp-json\/wp\/v2\/users\/1"}],"replies":[{"embeddable":true,"href":"https:\/\/www.granada-card.com\/it\/wp-json\/wp\/v2\/comments?post=119"}],"version-history":[{"count":15,"href":"https:\/\/www.granada-card.com\/it\/wp-json\/wp\/v2\/pages\/119\/revisions"}],"predecessor-version":[{"id":255,"href":"https:\/\/www.granada-card.com\/it\/wp-json\/wp\/v2\/pages\/119\/revisions\/255"}],"wp:attachment":[{"href":"https:\/\/www.granada-card.com\/it\/wp-json\/wp\/v2\/media?parent=119"}],"curies":[{"name":"wp","href":"https:\/\/api.w.org\/{rel}","templated":true}]}}