{"id":119,"date":"2024-10-09T09:23:31","date_gmt":"2024-10-09T09:23:31","guid":{"rendered":"https:\/\/www.granada-card.com\/?page_id=119"},"modified":"2025-03-26T09:30:58","modified_gmt":"2025-03-26T09:30:58","slug":"alhambra","status":"publish","type":"page","link":"https:\/\/www.granada-card.com\/nl\/alhambra\/","title":{"rendered":"Alhambra: Attracties, tips &amp; tickets"},"content":{"rendered":"<p>Het Alhambra is een van de meest fascinerende en belangrijke historische monumenten in Spanje. Dit indrukwekkende paleis- en vestingcomplex in Granada trekt jaarlijks miljoenen bezoekers en werd in 1984 uitgeroepen tot UNESCO Werelderfgoed. De Moorse architectuur, sierlijke details en prachtige tuinen maken het Alhambra een must voor elke toerist.<\/p>\n\n\n\n<figure class=\"wp-block-image size-full\"><img loading=\"lazy\" decoding=\"async\" width=\"1000\" height=\"500\" src=\"https:\/\/www.granada-card.com\/wp-content\/uploads\/2024\/10\/alhambra-afternoon.jpg\" alt=\"Alhambra in het middaglicht\" class=\"wp-image-131\" srcset=\"https:\/\/www.granada-card.com\/wp-content\/uploads\/2024\/10\/alhambra-afternoon.jpg 1000w, https:\/\/www.granada-card.com\/wp-content\/uploads\/2024\/10\/alhambra-afternoon-300x150.jpg 300w, https:\/\/www.granada-card.com\/wp-content\/uploads\/2024\/10\/alhambra-afternoon-768x384.jpg 768w, https:\/\/www.granada-card.com\/wp-content\/uploads\/2024\/10\/alhambra-afternoon-18x9.jpg 18w\" sizes=\"auto, (max-width: 1000px) 100vw, 1000px\" \/><figcaption class=\"wp-element-caption\">\u00a9 Jorge Fern\u00e1ndez Salas \/ Unsplash<\/figcaption><\/figure>\n\n\n\n<div style=\"height:30px\" aria-hidden=\"true\" class=\"wp-block-spacer\"><\/div>\n\n\n\n<h3 class=\"wp-block-heading\">De attracties in het Alhambra<\/h3>\n\n\n\n<p>Het Alhambra heeft een aantal opmerkelijke bezienswaardigheden die je niet mag missen:<\/p>\n\n\n\n<ul class=\"wp-block-list\">\n<li><strong>Nasrid paleizen:<\/strong> Deze prachtige paleizen vormen het hart van het Alhambra. Hun sierlijke binnenplaatsen, ingewikkelde stucwerk en waterbassins cre\u00ebren een sfeer van rust en schoonheid. Vooral de binnenplaats van de leeuwen en de Sala de los Abencerrajes zijn de moeite waard. Voor een bezoek aan de Nasrid Paleizen is een reservering vereist (ook voor houders van een Granada Card).<\/li>\n\n\n\n<li><strong>Generalife:<\/strong> De tuinen van het Generalife zijn een oase van rust en bieden een adembenemend uitzicht over de stad Granada. Wandel over de terrassen en geniet van de verscheidenheid aan planten en bloemen die de tuinen sieren.<\/li>\n\n\n\n<li><strong>Alcazaba:<\/strong> Het fort van het Alhambra, bekend als het Alcazaba, biedt een indrukwekkend uitzicht over de omgeving. Hier kun je de indrukwekkende muren verkennen en de torens beklimmen, vanwaar je een prachtig uitzicht hebt over de stad en de Sierra Nevada.<\/li>\n\n\n\n<li><strong>Paleis van Karel V.:<\/strong> Dit renaissancegebouw staat in schril contrast met de Moorse architectuur van het Alhambra. In het paleis is nu het Museo de la Alhambra gevestigd, dat de kunst en geschiedenis van de regio tentoonstelt.<\/li>\n<\/ul>\n\n\n\n<figure class=\"wp-block-image size-full\"><img loading=\"lazy\" decoding=\"async\" width=\"1000\" height=\"550\" src=\"https:\/\/www.granada-card.com\/wp-content\/uploads\/2024\/10\/alhambra-nasrid-palaces.jpg\" alt=\"Alhambra: Nasrid Paleizen\" class=\"wp-image-133\" srcset=\"https:\/\/www.granada-card.com\/wp-content\/uploads\/2024\/10\/alhambra-nasrid-palaces.jpg 1000w, https:\/\/www.granada-card.com\/wp-content\/uploads\/2024\/10\/alhambra-nasrid-palaces-300x165.jpg 300w, https:\/\/www.granada-card.com\/wp-content\/uploads\/2024\/10\/alhambra-nasrid-palaces-768x422.jpg 768w, https:\/\/www.granada-card.com\/wp-content\/uploads\/2024\/10\/alhambra-nasrid-palaces-18x10.jpg 18w\" sizes=\"auto, (max-width: 1000px) 100vw, 1000px\" \/><figcaption class=\"wp-element-caption\">Austin Gardner \/ Unsplash<\/figcaption><\/figure>\n\n\n\n<p>Bekijk de plattegrond van het Alhambra op de interactieve offici\u00eble kaart: <a href=\"https:\/\/mapalhambra.com\/\" target=\"_blank\" rel=\"noopener\" title=\"\">KaartAlhambra.nl<\/a>.<\/p>\n\n\n<style>.wp-block-kadence-spacer.kt-block-spacer-119_03ef25-94 .kt-block-spacer{height:60px;}.wp-block-kadence-spacer.kt-block-spacer-119_03ef25-94 .kt-divider{border-top-width:1px;height:1px;border-top-color:#eee;width:80%;border-top-style:solid;}<\/style>\n<div class=\"wp-block-kadence-spacer aligncenter kt-block-spacer-119_03ef25-94\"><div class=\"kt-block-spacer kt-block-spacer-halign-center\"><hr class=\"kt-divider\"\/><\/div><\/div>\n\n\n\n<h3 class=\"wp-block-heading\">Toegangsprijzen en tickets<\/h3>\n\n\n\n<p>Toegangsprijzen voor het Alhambra vari\u00ebren afhankelijk van het soort ticket. Er zijn gecombineerde tickets voor het hele complex en individuele tickets voor specifieke gebieden. Er zijn kortingen voor studenten, senioren en kinderen. <strong>Attentie:<\/strong> Alle soorten kortingen zijn meestal alleen beschikbaar op de offici\u00eble website (<a href=\"https:\/\/tickets.alhambra-patronato.es\/en\/producto\/alhambra-general\/\" target=\"_blank\" rel=\"noopener\" title=\"\">Alhambra-Patronato.es<\/a>). Normale tickets zijn daar meestal iets goedkoper, maar niet altijd beschikbaar.<\/p>\n\n\n\n<p>Om wachtrijen te vermijden is het aan te raden om vooraf online tickets te boeken. Dit garandeert toegang op het door jou gewenste tijdstip, vooral in het hoogseizoen. Als er veel toeristen in Granada zijn, is het essentieel dat je je kaartje van tevoren online boekt.<\/p>\n\n\n\n<ul class=\"wp-block-list\">\n<li><a href=\"https:\/\/www.getyourguide.nl\/alhambra-l2772\/tageskarte-alhambra-generalife-und-nasridenpalaste-t75398?partner_id=B0910&amp;cmp=granada-card&amp;mkt_cmp=true\" target=\"_blank\" rel=\"noopener nofollow sponsored\" title=\"\">Toegangskaartje voor Alhambra incl. Nasrid Paleizen<\/a><\/li>\n\n\n\n<li><a href=\"https:\/\/www.headout.com\/r\/hop-on-hop-off-busrecommends-hJVRv\/\" target=\"_blank\" rel=\"noopener nofollow sponsored\" title=\"\">Tickets voor Alhambra met\/zonder Nasrid Palaces<\/a><\/li>\n<\/ul>\n\n\n\n<p>Het Alhambra maakt ook deel uit van de Granada Card. We raden je aan de Granada Card te kopen als je ook andere bezienswaardigheden in Granada wilt bezoeken of bijvoorbeeld gebruik wilt maken van de toeristische trein.<\/p>\n\n\n<style>.wp-block-kadence-spacer.kt-block-spacer-119_eb69af-7a .kt-block-spacer{height:60px;}.wp-block-kadence-spacer.kt-block-spacer-119_eb69af-7a .kt-divider{border-top-width:1px;height:1px;border-top-color:#eee;width:80%;border-top-style:solid;}<\/style>\n<div class=\"wp-block-kadence-spacer aligncenter kt-block-spacer-119_eb69af-7a\"><div class=\"kt-block-spacer kt-block-spacer-halign-center\"><hr class=\"kt-divider\"\/><\/div><\/div>\n\n\n\n<h3 class=\"wp-block-heading\">Rondleidingen en audiogidsen<\/h3>\n\n\n\n<p>Om het meeste uit je bezoek te halen, kun je deelnemen aan een rondleiding. Deze bieden een dieper inzicht in de geschiedenis en architectuur van het Alhambra. <\/p>\n\n\n\n<p>Er zijn ook audiogidsen in verschillende talen beschikbaar om je tijdens de tour te voorzien van waardevolle informatie en interessante verhalen.<\/p>\n\n\n\n<ul class=\"wp-block-list\">\n<li><a href=\"https:\/\/www.headout.com\/r\/hop-on-hop-off-busrecommends-4Oa4m\/\" target=\"_blank\" rel=\"noreferrer noopener\">Rondleiding door het Alhambra &amp; Nasrid Paleizen<\/a><\/li>\n\n\n\n<li><a href=\"https:\/\/www.tiqets.com\/nl\/checkout\/alhambra-und-nasridenpalaste-private-gefuhrte-touren-g1090895\/?partner=101places\" target=\"_blank\" rel=\"noreferrer noopener\">Priv\u00e9rondleiding door het Alhambra<\/a><\/li>\n\n\n\n<li><a href=\"https:\/\/www.tiqets.com\/nl\/granada-bezienswaardigheden-attracties-c66003\/tickets-voor-alhambra-nasrid-palaces-guided-tour-city-pass-card-p1064303\/?partner=101places\" target=\"_blank\" rel=\"noreferrer noopener\">Granada Card + rondleiding door het Alhambra<\/a><\/li>\n\n\n\n<li><a href=\"https:\/\/www.headout.com\/r\/hop-on-hop-off-busrecommends-hJVRv\/\" target=\"_blank\" rel=\"noopener nofollow sponsored\" title=\"\">Toegangskaarten met optionele audiogids<\/a><\/li>\n<\/ul>\n\n\n<style>.wp-block-kadence-spacer.kt-block-spacer-119_9630cf-d1 .kt-block-spacer{height:60px;}.wp-block-kadence-spacer.kt-block-spacer-119_9630cf-d1 .kt-divider{border-top-width:1px;height:1px;border-top-color:#eee;width:80%;border-top-style:solid;}<\/style>\n<div class=\"wp-block-kadence-spacer aligncenter kt-block-spacer-119_9630cf-d1\"><div class=\"kt-block-spacer kt-block-spacer-halign-center\"><hr class=\"kt-divider\"\/><\/div><\/div>\n\n\n\n<h2 class=\"wp-block-heading\">Hotels in de buurt van Alhambra<\/h2>\n\n\n\n<iframe loading=\"lazy\" id=\"stay22-widget\" width=\"100%\" height=\"428\" src=\"https:\/\/www.stay22.com\/embed\/67e2b587e80667de7022ecd8\" frameborder=\"0\"><\/iframe>\n\n\n<style>.wp-block-kadence-spacer.kt-block-spacer-119_3b5373-8b .kt-block-spacer{height:60px;}.wp-block-kadence-spacer.kt-block-spacer-119_3b5373-8b .kt-divider{border-top-width:1px;height:1px;border-top-color:#eee;width:80%;border-top-style:solid;}<\/style>\n<div class=\"wp-block-kadence-spacer aligncenter kt-block-spacer-119_3b5373-8b\"><div class=\"kt-block-spacer kt-block-spacer-halign-center\"><hr class=\"kt-divider\"\/><\/div><\/div>\n\n\n\n<h3 class=\"wp-block-heading\">Tips voor het bezoek<\/h3>\n\n\n\n<p>Om het meeste uit je bezoek te halen, volgen hier enkele nuttige tips:<\/p>\n\n\n\n<ul class=\"wp-block-list\">\n<li><strong>Vroeg of laat een bezoek:<\/strong> Het Alhambra kan tijdens piekuren erg druk zijn. Een bezoek in de vroege ochtend of late namiddag helpt om de drukte te vermijden.<\/li>\n\n\n\n<li><strong>Comfortabele schoenen:<\/strong> Omdat er veel gelopen moet worden, zijn comfortabele schoenen een must. De paden zijn vaak steil en oneffen. Reken ongeveer drie uur voor het bezoek.<\/li>\n\n\n\n<li><strong>Vergeet je camera niet:<\/strong> Het Alhambra biedt geweldige fotomogelijkheden, van de sierlijke details van de paleizen tot de schilderachtige tuinen.<\/li>\n\n\n\n<li><strong>Houd je aan de regels:<\/strong> Houd je aan de gedragsregels in het Alhambra om de schoonheid en integriteit van de plek te behouden.<\/li>\n<\/ul>\n\n\n\n<figure class=\"wp-block-image size-full\"><img loading=\"lazy\" decoding=\"async\" width=\"1000\" height=\"450\" src=\"https:\/\/www.granada-card.com\/wp-content\/uploads\/2024\/10\/alhambra-palace.jpg\" alt=\"Alhambra: Paleis van Karel V\" class=\"wp-image-134\" srcset=\"https:\/\/www.granada-card.com\/wp-content\/uploads\/2024\/10\/alhambra-palace.jpg 1000w, https:\/\/www.granada-card.com\/wp-content\/uploads\/2024\/10\/alhambra-palace-300x135.jpg 300w, https:\/\/www.granada-card.com\/wp-content\/uploads\/2024\/10\/alhambra-palace-768x346.jpg 768w, https:\/\/www.granada-card.com\/wp-content\/uploads\/2024\/10\/alhambra-palace-18x8.jpg 18w\" sizes=\"auto, (max-width: 1000px) 100vw, 1000px\" \/><figcaption class=\"wp-element-caption\">\u00a9 C\u00e9sar HZ \/ Unsplash<\/figcaption><\/figure>\n\n\n<style>.wp-block-kadence-spacer.kt-block-spacer-119_6bb547-3d .kt-block-spacer{height:60px;}.wp-block-kadence-spacer.kt-block-spacer-119_6bb547-3d .kt-divider{border-top-width:1px;height:1px;border-top-color:#eee;width:80%;border-top-style:solid;}<\/style>\n<div class=\"wp-block-kadence-spacer aligncenter kt-block-spacer-119_6bb547-3d\"><div class=\"kt-block-spacer kt-block-spacer-halign-center\"><hr class=\"kt-divider\"\/><\/div><\/div>\n\n\n\n<h3 class=\"wp-block-heading\">Reizen naar het Alhambra<\/h3>\n\n\n\n<p>Reizen naar het Alhambra is eenvoudig. Wie met de auto komt, vindt verschillende parkeermogelijkheden in de buurt, waaronder de parkeergarage \"Alhambra\". De parkeergarage biedt plaats aan 360 voertuigen en wordt 24 uur per dag bewaakt.<\/p>\n\n\n\n<p>Je kunt ook het openbaar vervoer gebruiken: Verschillende buslijnen verbinden het stadscentrum met het Alhambra en rijden regelmatig:<\/p>\n\n\n\n<ul class=\"wp-block-list\">\n<li>C30: Alhambra-Centro (Plaza Isabel la Cat\u00f3lica).<\/li>\n\n\n\n<li>C32: Alhambra-Albaic\u00edn.<\/li>\n\n\n\n<li>C35: Cementerio-Barranco del Abogado-Centro.<\/li>\n<\/ul>\n\n\n<style>.wp-block-kadence-spacer.kt-block-spacer-119_4621fa-fa .kt-block-spacer{height:60px;}.wp-block-kadence-spacer.kt-block-spacer-119_4621fa-fa .kt-divider{border-top-width:1px;height:1px;border-top-color:#eee;width:80%;border-top-style:solid;}<\/style>\n<div class=\"wp-block-kadence-spacer aligncenter kt-block-spacer-119_4621fa-fa\"><div class=\"kt-block-spacer kt-block-spacer-halign-center\"><hr class=\"kt-divider\"\/><\/div><\/div>\n\n\n\n<h3 class=\"wp-block-heading\">Openingstijden<\/h3>\n\n\n\n<p>De openingstijden van het Alhambra vari\u00ebren afhankelijk van de tijd van het jaar:<\/p>\n\n\n\n<ul class=\"wp-block-list\">\n<li>1 april - 14 oktober: 08:30 tot 20:00<\/li>\n\n\n\n<li>15 oktober - 31 maart: 08:30 tot 18:00<\/li>\n<\/ul>\n\n\n\n<p>Buiten deze openingstijden zijn er speciale nachtrondleidingen en exclusieve rondleidingen door het Alhambra.<\/p>\n\n\n\n<p>Vooral in de zomermaanden is het aan te raden om vroeg in de ochtend of laat in de middag te komen om de drukte te vermijden en te genieten van de koele lucht van de tuinen.<\/p>\n\n\n\n<p>Het Alhambra is gesloten op 25 december (Kerstmis) en 1 januari (Nieuwjaar).<\/p>","protected":false},"excerpt":{"rendered":"<p>Die Alhambra ist eines der faszinierendsten und bedeutendsten historischen Monumente Spaniens. Diese beeindruckende Palast- und Festungsanlage in Granada zieht j\u00e4hrlich Millionen von Besuchern an und wurde 1984 zum UNESCO-Weltkulturerbe erkl\u00e4rt. Ihre maurische Architektur, kunstvollen Details und herrlichen G\u00e4rten machen die Alhambra zu einem Muss f\u00fcr jeden Touristen. Die Attraktionen innerhalb der Alhambra Die Alhambra beherbergt &#8230; <a title=\"Alhambra: Attracties, tips &amp; tickets\" class=\"read-more\" href=\"https:\/\/www.granada-card.com\/nl\/alhambra\/\" aria-label=\"Lees meer over Alhambra: Attraktionen, Tipps &amp; Tickets\">Lees verder<\/a><\/p>","protected":false},"author":1,"featured_media":0,"parent":0,"menu_order":0,"comment_status":"closed","ping_status":"closed","template":"","meta":{"footnotes":""},"class_list":["post-119","page","type-page","status-publish"],"aioseo_notices":[],"_links":{"self":[{"href":"https:\/\/www.granada-card.com\/nl\/wp-json\/wp\/v2\/pages\/119","targetHints":{"allow":["GET"]}}],"collection":[{"href":"https:\/\/www.granada-card.com\/nl\/wp-json\/wp\/v2\/pages"}],"about":[{"href":"https:\/\/www.granada-card.com\/nl\/wp-json\/wp\/v2\/types\/page"}],"author":[{"embeddable":true,"href":"https:\/\/www.granada-card.com\/nl\/wp-json\/wp\/v2\/users\/1"}],"replies":[{"embeddable":true,"href":"https:\/\/www.granada-card.com\/nl\/wp-json\/wp\/v2\/comments?post=119"}],"version-history":[{"count":15,"href":"https:\/\/www.granada-card.com\/nl\/wp-json\/wp\/v2\/pages\/119\/revisions"}],"predecessor-version":[{"id":255,"href":"https:\/\/www.granada-card.com\/nl\/wp-json\/wp\/v2\/pages\/119\/revisions\/255"}],"wp:attachment":[{"href":"https:\/\/www.granada-card.com\/nl\/wp-json\/wp\/v2\/media?parent=119"}],"curies":[{"name":"wp","href":"https:\/\/api.w.org\/{rel}","templated":true}]}}