{"id":106,"date":"2024-10-09T07:31:57","date_gmt":"2024-10-09T07:31:57","guid":{"rendered":"https:\/\/www.granada-card.com\/?page_id=106"},"modified":"2026-01-22T11:03:58","modified_gmt":"2026-01-22T11:03:58","slug":"contacto","status":"publish","type":"page","link":"https:\/\/www.granada-card.com\/pt\/kontakt\/","title":{"rendered":"Contactar-nos"},"content":{"rendered":"<p><strong>O Granada-Card.com n\u00e3o \u00e9 um s\u00edtio Web oficial.<\/strong> Se tiver alguma d\u00favida sobre o Granada Card ou sobre a visita \u00e0 Alhambra, contacte o Posto de Turismo de Granada ou a GranadaTur.<\/p>\n\n\n\n<h4 class=\"wp-block-heading\">Contactos Informa\u00e7\u00f5es tur\u00edsticas<\/h4>\n\n\n\n<ul class=\"wp-block-list\">\n<li>Endere\u00e7o: Oficina de Turismo de Granada, C. Almona del Campillo, 2, Local B, Centro, 18009 Granada, Espanha<\/li>\n\n\n\n<li>Tel: +34 958 24 71 28<\/li>\n\n\n\n<li>Tel. Granada Card: +34 858 880 990<\/li>\n\n\n\n<li>E-mail:&nbsp;turismo@granada.org<\/li>\n<\/ul>\n\n\n<style>.wp-block-kadence-spacer.kt-block-spacer-106_500094-bd .kt-block-spacer{height:60px;}.wp-block-kadence-spacer.kt-block-spacer-106_500094-bd .kt-divider{border-top-width:1px;height:1px;border-top-color:#eee;width:80%;border-top-style:solid;}<\/style>\n<div class=\"wp-block-kadence-spacer aligncenter kt-block-spacer-106_500094-bd\"><div class=\"kt-block-spacer kt-block-spacer-halign-center\"><hr class=\"kt-divider\"\/><\/div><\/div>\n\n\n\n<h4 class=\"wp-block-heading\">Dados de contacto GranadaTur<\/h4>\n\n\n\n<ul class=\"wp-block-list\">\n<li>Endere\u00e7o: Pza. Del Carmen s\/n. 18071, Granada<\/li>\n\n\n\n<li>Tel: (+34) 858 880 990<\/li>\n\n\n\n<li>Correio eletr\u00f3nico: granadatur@clorian.com<\/li>\n<\/ul>\n\n\n<style>.wp-block-kadence-spacer.kt-block-spacer-106_66ef78-08 .kt-block-spacer{height:60px;}.wp-block-kadence-spacer.kt-block-spacer-106_66ef78-08 .kt-divider{border-top-width:1px;height:1px;border-top-color:#eee;width:80%;border-top-style:solid;}<\/style>\n<div class=\"wp-block-kadence-spacer aligncenter kt-block-spacer-106_66ef78-08\"><div class=\"kt-block-spacer kt-block-spacer-halign-center\"><hr class=\"kt-divider\"\/><\/div><\/div>\n\n\n\n<h4 class=\"wp-block-heading\">Dados de contacto Headout<\/h4>\n\n\n\n<p>Se j\u00e1 tiver adquirido o seu Granada Card ou um bilhete de entrada na Headout, contacte o servi\u00e7o de apoio ao cliente:<\/p>\n\n\n\n<ul class=\"wp-block-list\">\n<li><a href=\"https:\/\/www.headout.com\/de\/help\/\" target=\"_blank\" rel=\"noopener\" title=\"\">Ajuda com uma reserva existente<\/a><\/li>\n\n\n\n<li>Telefone: +1 3478 9701 00<\/li>\n\n\n\n<li>Correio eletr\u00f3nico: support@headout.com<\/li>\n<\/ul>\n\n\n\n<p>Tamb\u00e9m pode utilizar o chat em direto que \u00e9 apresentado no s\u00edtio Web do Headout.<\/p>","protected":false},"excerpt":{"rendered":"<p>O Granada-Card.com n\u00e3o \u00e9 um s\u00edtio Web oficial. Se tiver alguma d\u00favida sobre o Granada Card ou sobre a visita \u00e0 Alhambra, contacte o Posto de Turismo de Granada ou a GranadaTur. Dados de contacto Informa\u00e7\u00e3o tur\u00edstica Dados de contacto GranadaTur Dados de contacto Headout Se j\u00e1 comprou o seu Granada Card ou um bilhete de entrada na Headout, contacte o servi\u00e7o de apoio ao cliente: Pode tamb\u00e9m utilizar o chat ao vivo ... <a title=\"Contactar-nos\" class=\"read-more\" href=\"https:\/\/www.granada-card.com\/pt\/kontakt\/\" aria-label=\"Leia mais sobre contacto\">Ler mais<\/a><\/p>","protected":false},"author":1,"featured_media":0,"parent":0,"menu_order":0,"comment_status":"closed","ping_status":"closed","template":"","meta":{"footnotes":""},"class_list":["post-106","page","type-page","status-publish"],"aioseo_notices":[],"_links":{"self":[{"href":"https:\/\/www.granada-card.com\/pt\/wp-json\/wp\/v2\/pages\/106","targetHints":{"allow":["GET"]}}],"collection":[{"href":"https:\/\/www.granada-card.com\/pt\/wp-json\/wp\/v2\/pages"}],"about":[{"href":"https:\/\/www.granada-card.com\/pt\/wp-json\/wp\/v2\/types\/page"}],"author":[{"embeddable":true,"href":"https:\/\/www.granada-card.com\/pt\/wp-json\/wp\/v2\/users\/1"}],"replies":[{"embeddable":true,"href":"https:\/\/www.granada-card.com\/pt\/wp-json\/wp\/v2\/comments?post=106"}],"version-history":[{"count":6,"href":"https:\/\/www.granada-card.com\/pt\/wp-json\/wp\/v2\/pages\/106\/revisions"}],"predecessor-version":[{"id":310,"href":"https:\/\/www.granada-card.com\/pt\/wp-json\/wp\/v2\/pages\/106\/revisions\/310"}],"wp:attachment":[{"href":"https:\/\/www.granada-card.com\/pt\/wp-json\/wp\/v2\/media?parent=106"}],"curies":[{"name":"wp","href":"https:\/\/api.w.org\/{rel}","templated":true}]}}