{"id":119,"date":"2024-10-09T09:23:31","date_gmt":"2024-10-09T09:23:31","guid":{"rendered":"https:\/\/www.granada-card.com\/?page_id=119"},"modified":"2025-03-26T09:30:58","modified_gmt":"2025-03-26T09:30:58","slug":"alhambra","status":"publish","type":"page","link":"https:\/\/www.granada-card.com\/pt\/alhambra\/","title":{"rendered":"Alhambra: Atrac\u00e7\u00f5es, dicas e bilhetes"},"content":{"rendered":"<p>A Alhambra \u00e9 um dos monumentos hist\u00f3ricos mais fascinantes e importantes de Espanha. Este impressionante complexo de pal\u00e1cio e fortaleza em Granada atrai milh\u00f5es de visitantes todos os anos e foi declarado Patrim\u00f3nio Mundial da UNESCO em 1984. A sua arquitetura mourisca, os detalhes ornamentados e os magn\u00edficos jardins fazem da Alhambra um local de visita obrigat\u00f3ria para todos os turistas.<\/p>\n\n\n\n<figure class=\"wp-block-image size-full\"><img loading=\"lazy\" decoding=\"async\" width=\"1000\" height=\"500\" src=\"https:\/\/www.granada-card.com\/wp-content\/uploads\/2024\/10\/alhambra-afternoon.jpg\" alt=\"Alhambra \u00e0 luz da tarde\" class=\"wp-image-131\" srcset=\"https:\/\/www.granada-card.com\/wp-content\/uploads\/2024\/10\/alhambra-afternoon.jpg 1000w, https:\/\/www.granada-card.com\/wp-content\/uploads\/2024\/10\/alhambra-afternoon-300x150.jpg 300w, https:\/\/www.granada-card.com\/wp-content\/uploads\/2024\/10\/alhambra-afternoon-768x384.jpg 768w, https:\/\/www.granada-card.com\/wp-content\/uploads\/2024\/10\/alhambra-afternoon-18x9.jpg 18w\" sizes=\"auto, (max-width: 1000px) 100vw, 1000px\" \/><figcaption class=\"wp-element-caption\">\u00a9 Jorge Fern\u00e1ndez Salas \/ Unsplash<\/figcaption><\/figure>\n\n\n\n<div style=\"height:30px\" aria-hidden=\"true\" class=\"wp-block-spacer\"><\/div>\n\n\n\n<h3 class=\"wp-block-heading\">As atrac\u00e7\u00f5es no interior da Alhambra<\/h3>\n\n\n\n<p>A Alhambra \u00e9 o lar de v\u00e1rias atrac\u00e7\u00f5es not\u00e1veis que n\u00e3o deve perder:<\/p>\n\n\n\n<ul class=\"wp-block-list\">\n<li><strong>Pal\u00e1cios Nasridas:<\/strong> Estes magn\u00edficos pal\u00e1cios constituem o cora\u00e7\u00e3o da Alhambra. Os seus p\u00e1tios ornamentados, os intrincados trabalhos em estuque e as bacias de \u00e1gua criam uma atmosfera de tranquilidade e beleza. O P\u00e1tio dos Le\u00f5es e a Sala de los Abencerrajes s\u00e3o particularmente dignos de serem vistos. \u00c9 necess\u00e1rio efetuar uma reserva para visitar os Pal\u00e1cios Nasridas (tamb\u00e9m para os titulares do Granada Card).<\/li>\n\n\n\n<li><strong>Generalife:<\/strong> Os jardins do Generalife s\u00e3o um o\u00e1sis de paz e oferecem vistas deslumbrantes sobre a cidade de Granada. Passeie pelos terra\u00e7os e aprecie a variedade de plantas e flores que adornam os jardins.<\/li>\n\n\n\n<li><strong>Alcazaba:<\/strong> A fortaleza de Alhambra, conhecida como Alcazaba, oferece uma vista impressionante da \u00e1rea circundante. Aqui pode explorar as impressionantes muralhas e subir \u00e0s torres, de onde se tem uma vista maravilhosa da cidade e da Serra Nevada.<\/li>\n\n\n\n<li><strong>Pal\u00e1cio de Carlos V.:<\/strong> Este edif\u00edcio renascentista contrasta fortemente com a arquitetura mourisca da Alhambra. O pal\u00e1cio alberga atualmente o Museo de la Alhambra, que exibe a arte e a hist\u00f3ria da regi\u00e3o.<\/li>\n<\/ul>\n\n\n\n<figure class=\"wp-block-image size-full\"><img loading=\"lazy\" decoding=\"async\" width=\"1000\" height=\"550\" src=\"https:\/\/www.granada-card.com\/wp-content\/uploads\/2024\/10\/alhambra-nasrid-palaces.jpg\" alt=\"Alhambra: Pal\u00e1cios Nasridas\" class=\"wp-image-133\" srcset=\"https:\/\/www.granada-card.com\/wp-content\/uploads\/2024\/10\/alhambra-nasrid-palaces.jpg 1000w, https:\/\/www.granada-card.com\/wp-content\/uploads\/2024\/10\/alhambra-nasrid-palaces-300x165.jpg 300w, https:\/\/www.granada-card.com\/wp-content\/uploads\/2024\/10\/alhambra-nasrid-palaces-768x422.jpg 768w, https:\/\/www.granada-card.com\/wp-content\/uploads\/2024\/10\/alhambra-nasrid-palaces-18x10.jpg 18w\" sizes=\"auto, (max-width: 1000px) 100vw, 1000px\" \/><figcaption class=\"wp-element-caption\">Austin Gardner \/ Unsplash<\/figcaption><\/figure>\n\n\n\n<p>Ver a disposi\u00e7\u00e3o da Alhambra no mapa oficial interativo: <a href=\"https:\/\/mapalhambra.com\/\" target=\"_blank\" rel=\"noopener\" title=\"\">MapAlhambra.com<\/a>.<\/p>\n\n\n<style>.wp-block-kadence-spacer.kt-block-spacer-119_03ef25-94 .kt-block-spacer{height:60px;}.wp-block-kadence-spacer.kt-block-spacer-119_03ef25-94 .kt-divider{border-top-width:1px;height:1px;border-top-color:#eee;width:80%;border-top-style:solid;}<\/style>\n<div class=\"wp-block-kadence-spacer aligncenter kt-block-spacer-119_03ef25-94\"><div class=\"kt-block-spacer kt-block-spacer-halign-center\"><hr class=\"kt-divider\"\/><\/div><\/div>\n\n\n\n<h3 class=\"wp-block-heading\">Pre\u00e7os de entrada e bilhetes<\/h3>\n\n\n\n<p>Os pre\u00e7os de entrada na Alhambra variam consoante o tipo de bilhete. Existem bilhetes combinados para todo o complexo, bem como bilhetes individuais para \u00e1reas espec\u00edficas. Est\u00e3o dispon\u00edveis descontos para estudantes, idosos e crian\u00e7as. <strong>Aten\u00e7\u00e3o:<\/strong> Todos os tipos de descontos est\u00e3o normalmente dispon\u00edveis apenas no s\u00edtio Web oficial (<a href=\"https:\/\/tickets.alhambra-patronato.es\/en\/producto\/alhambra-general\/\" target=\"_blank\" rel=\"noopener\" title=\"\">Alhambra-Patronato.es<\/a>). Os bilhetes normais s\u00e3o normalmente um pouco mais baratos, mas nem sempre est\u00e3o dispon\u00edveis.<\/p>\n\n\n\n<p>Para evitar filas de espera, \u00e9 aconselh\u00e1vel reservar os bilhetes online com anteced\u00eancia. Isto garante a entrada \u00e0 hora desejada, especialmente na \u00e9poca alta. Se houver muitos turistas em Granada, \u00e9 essencial que reserve o seu bilhete online com anteced\u00eancia.<\/p>\n\n\n\n<ul class=\"wp-block-list\">\n<li><a href=\"https:\/\/www.getyourguide.com\/pt-pt\/alhambra-l2772\/tageskarte-alhambra-generalife-und-nasridenpalaste-t75398?partner_id=B0910&amp;cmp=granada-card&amp;mkt_cmp=true\" target=\"_blank\" rel=\"noopener nofollow sponsored\" title=\"\">Bilhete de entrada para Alhambra, incluindo os Pal\u00e1cios Nasridas<\/a><\/li>\n\n\n\n<li><a href=\"https:\/\/www.headout.com\/r\/hop-on-hop-off-busrecommends-hJSH5\/\" target=\"_blank\" rel=\"noopener nofollow sponsored\" title=\"\">Bilhetes para Alhambra com\/sem Pal\u00e1cios Nasridas<\/a><\/li>\n<\/ul>\n\n\n\n<p>A Alhambra tamb\u00e9m faz parte do Granada Card. Recomendamos a compra do Granada Card se tamb\u00e9m quiser visitar outros pontos tur\u00edsticos de Granada ou utilizar o comboio tur\u00edstico, por exemplo.<\/p>\n\n\n<style>.wp-block-kadence-spacer.kt-block-spacer-119_eb69af-7a .kt-block-spacer{height:60px;}.wp-block-kadence-spacer.kt-block-spacer-119_eb69af-7a .kt-divider{border-top-width:1px;height:1px;border-top-color:#eee;width:80%;border-top-style:solid;}<\/style>\n<div class=\"wp-block-kadence-spacer aligncenter kt-block-spacer-119_eb69af-7a\"><div class=\"kt-block-spacer kt-block-spacer-halign-center\"><hr class=\"kt-divider\"\/><\/div><\/div>\n\n\n\n<h3 class=\"wp-block-heading\">Visitas guiadas e guias \u00e1udio<\/h3>\n\n\n\n<p>Para tirar o m\u00e1ximo partido da sua visita, pode participar numa visita guiada. Estas oferecem uma vis\u00e3o mais profunda da hist\u00f3ria e da arquitetura da Alhambra. <\/p>\n\n\n\n<p>Em alternativa, est\u00e3o dispon\u00edveis guias \u00e1udio em v\u00e1rias l\u00ednguas para lhe fornecer informa\u00e7\u00f5es valiosas e hist\u00f3rias interessantes durante a visita.<\/p>\n\n\n\n<ul class=\"wp-block-list\">\n<li><a href=\"https:\/\/www.headout.com\/r\/hop-on-hop-off-busrecommends-4OXls\/\" target=\"_blank\" rel=\"noreferrer noopener\">Visita guiada aos pal\u00e1cios de Alhambra e Nasrida<\/a><\/li>\n\n\n\n<li><a href=\"https:\/\/www.tiqets.com\/pt\/checkout\/alhambra-und-nasridenpalaste-private-gefuhrte-touren-g1090895\/?partner=101places\" target=\"_blank\" rel=\"noreferrer noopener\">Visita guiada privada a Alhambra<\/a><\/li>\n\n\n\n<li><a href=\"https:\/\/www.tiqets.com\/pt\/atracoes-granada-c66003\/bilhetes-para-alhambra-nasrid-palaces-guided-tour-city-pass-card-p1064303\/?partner=101places\" target=\"_blank\" rel=\"noreferrer noopener\">Granada Card + visita guiada \u00e0 Alhambra<\/a><\/li>\n\n\n\n<li><a href=\"https:\/\/www.headout.com\/r\/hop-on-hop-off-busrecommends-hJSH5\/\" target=\"_blank\" rel=\"noopener nofollow sponsored\" title=\"\">Bilhetes de entrada com guia \u00e1udio opcional<\/a><\/li>\n<\/ul>\n\n\n<style>.wp-block-kadence-spacer.kt-block-spacer-119_9630cf-d1 .kt-block-spacer{height:60px;}.wp-block-kadence-spacer.kt-block-spacer-119_9630cf-d1 .kt-divider{border-top-width:1px;height:1px;border-top-color:#eee;width:80%;border-top-style:solid;}<\/style>\n<div class=\"wp-block-kadence-spacer aligncenter kt-block-spacer-119_9630cf-d1\"><div class=\"kt-block-spacer kt-block-spacer-halign-center\"><hr class=\"kt-divider\"\/><\/div><\/div>\n\n\n\n<h2 class=\"wp-block-heading\">Hot\u00e9is perto de Alhambra<\/h2>\n\n\n\n<iframe loading=\"lazy\" id=\"stay22-widget\" width=\"100%\" height=\"428\" src=\"https:\/\/www.stay22.com\/embed\/67e2b587e80667de7022ecd8\" frameborder=\"0\"><\/iframe>\n\n\n<style>.wp-block-kadence-spacer.kt-block-spacer-119_3b5373-8b .kt-block-spacer{height:60px;}.wp-block-kadence-spacer.kt-block-spacer-119_3b5373-8b .kt-divider{border-top-width:1px;height:1px;border-top-color:#eee;width:80%;border-top-style:solid;}<\/style>\n<div class=\"wp-block-kadence-spacer aligncenter kt-block-spacer-119_3b5373-8b\"><div class=\"kt-block-spacer kt-block-spacer-halign-center\"><hr class=\"kt-divider\"\/><\/div><\/div>\n\n\n\n<h3 class=\"wp-block-heading\">Conselhos para a visita<\/h3>\n\n\n\n<p>Para tirar o m\u00e1ximo partido da sua visita, eis alguns conselhos \u00fateis:<\/p>\n\n\n\n<ul class=\"wp-block-list\">\n<li><strong>Mais cedo ou mais tarde, uma visita:<\/strong> A Alhambra pode estar muito cheia durante as horas de ponta. Uma visita ao in\u00edcio da manh\u00e3 ou ao fim da tarde ajuda a evitar as multid\u00f5es.<\/li>\n\n\n\n<li><strong>Sapatos confort\u00e1veis:<\/strong> Uma vez que se caminha muito, \u00e9 indispens\u00e1vel o uso de cal\u00e7ado confort\u00e1vel. Os caminhos s\u00e3o muitas vezes \u00edngremes e irregulares. A visita deve durar cerca de tr\u00eas horas.<\/li>\n\n\n\n<li><strong>N\u00e3o se esque\u00e7a da sua m\u00e1quina fotogr\u00e1fica:<\/strong> A Alhambra oferece excelentes oportunidades para tirar fotografias, desde os pormenores ornamentados dos pal\u00e1cios at\u00e9 aos pitorescos jardins.<\/li>\n\n\n\n<li><strong>Respeitar as regras:<\/strong> Respeitar as regras de comportamento na Alhambra para preservar a beleza e a integridade do local.<\/li>\n<\/ul>\n\n\n\n<figure class=\"wp-block-image size-full\"><img loading=\"lazy\" decoding=\"async\" width=\"1000\" height=\"450\" src=\"https:\/\/www.granada-card.com\/wp-content\/uploads\/2024\/10\/alhambra-palace.jpg\" alt=\"Alhambra: Pal\u00e1cio de Carlos V\" class=\"wp-image-134\" srcset=\"https:\/\/www.granada-card.com\/wp-content\/uploads\/2024\/10\/alhambra-palace.jpg 1000w, https:\/\/www.granada-card.com\/wp-content\/uploads\/2024\/10\/alhambra-palace-300x135.jpg 300w, https:\/\/www.granada-card.com\/wp-content\/uploads\/2024\/10\/alhambra-palace-768x346.jpg 768w, https:\/\/www.granada-card.com\/wp-content\/uploads\/2024\/10\/alhambra-palace-18x8.jpg 18w\" sizes=\"auto, (max-width: 1000px) 100vw, 1000px\" \/><figcaption class=\"wp-element-caption\">\u00a9 C\u00e9sar HZ \/ Unsplash<\/figcaption><\/figure>\n\n\n<style>.wp-block-kadence-spacer.kt-block-spacer-119_6bb547-3d .kt-block-spacer{height:60px;}.wp-block-kadence-spacer.kt-block-spacer-119_6bb547-3d .kt-divider{border-top-width:1px;height:1px;border-top-color:#eee;width:80%;border-top-style:solid;}<\/style>\n<div class=\"wp-block-kadence-spacer aligncenter kt-block-spacer-119_6bb547-3d\"><div class=\"kt-block-spacer kt-block-spacer-halign-center\"><hr class=\"kt-divider\"\/><\/div><\/div>\n\n\n\n<h3 class=\"wp-block-heading\">Viajar para Alhambra<\/h3>\n\n\n\n<p>A desloca\u00e7\u00e3o at\u00e9 \u00e0 Alhambra \u00e9 simples. Aqueles que chegam de carro encontrar\u00e3o v\u00e1rias op\u00e7\u00f5es de estacionamento nas proximidades, incluindo o parque de estacionamento de v\u00e1rios andares \"Alhambra\". O parque de estacionamento tem espa\u00e7o para 360 ve\u00edculos e \u00e9 vigiado 24 horas por dia.<\/p>\n\n\n\n<p>Em alternativa, pode utilizar os transportes p\u00fablicos: V\u00e1rias linhas de autocarro ligam o centro da cidade \u00e0 Alhambra e circulam regularmente:<\/p>\n\n\n\n<ul class=\"wp-block-list\">\n<li>C30: Alhambra-Centro (Pra\u00e7a Isabel la Cat\u00f3lica).<\/li>\n\n\n\n<li>C32: Alhambra-Albaic\u00edn.<\/li>\n\n\n\n<li>C35: Cementerio-Barranco del Abogado-Centro.<\/li>\n<\/ul>\n\n\n<style>.wp-block-kadence-spacer.kt-block-spacer-119_4621fa-fa .kt-block-spacer{height:60px;}.wp-block-kadence-spacer.kt-block-spacer-119_4621fa-fa .kt-divider{border-top-width:1px;height:1px;border-top-color:#eee;width:80%;border-top-style:solid;}<\/style>\n<div class=\"wp-block-kadence-spacer aligncenter kt-block-spacer-119_4621fa-fa\"><div class=\"kt-block-spacer kt-block-spacer-halign-center\"><hr class=\"kt-divider\"\/><\/div><\/div>\n\n\n\n<h3 class=\"wp-block-heading\">Hor\u00e1rio de funcionamento<\/h3>\n\n\n\n<p>O hor\u00e1rio de abertura da Alhambra varia consoante a \u00e9poca do ano:<\/p>\n\n\n\n<ul class=\"wp-block-list\">\n<li>1 de abril - 14 de outubro: das 08:30 \u00e0s 20:00<\/li>\n\n\n\n<li>15 de outubro - 31 de mar\u00e7o: 08:30 \u00e0s 18:00<\/li>\n<\/ul>\n\n\n\n<p>Fora deste hor\u00e1rio, existem visitas nocturnas especiais e visitas exclusivas \u00e0 Alhambra.<\/p>\n\n\n\n<p>Especialmente nos meses de ver\u00e3o, \u00e9 aconselh\u00e1vel vir de manh\u00e3 cedo ou ao fim da tarde para evitar as multid\u00f5es e desfrutar do ar fresco dos jardins.<\/p>\n\n\n\n<p>A Alhambra estar\u00e1 encerrada nos dias 25 de dezembro (Natal) e 1 de janeiro (Ano Novo).<\/p>","protected":false},"excerpt":{"rendered":"<p>A Alhambra \u00e9 um dos monumentos hist\u00f3ricos mais fascinantes e importantes de Espanha. Este impressionante complexo de pal\u00e1cio e fortaleza em Granada atrai milh\u00f5es de visitantes todos os anos e foi declarado Patrim\u00f3nio Mundial da UNESCO em 1984. A sua arquitetura mourisca, os detalhes ornamentados e os magn\u00edficos jardins fazem da Alhambra um local de visita obrigat\u00f3ria para todos os turistas. As atrac\u00e7\u00f5es no interior da Alhambra A Alhambra \u00e9 o lar de ... <a title=\"Alhambra: Atrac\u00e7\u00f5es, dicas e bilhetes\" class=\"read-more\" href=\"https:\/\/www.granada-card.com\/pt\/alhambra\/\" aria-label=\"Leia mais sobre Alhambra: Atrac\u00e7\u00f5es, dicas e bilhetes\">Ler mais<\/a><\/p>","protected":false},"author":1,"featured_media":0,"parent":0,"menu_order":0,"comment_status":"closed","ping_status":"closed","template":"","meta":{"footnotes":""},"class_list":["post-119","page","type-page","status-publish"],"aioseo_notices":[],"_links":{"self":[{"href":"https:\/\/www.granada-card.com\/pt\/wp-json\/wp\/v2\/pages\/119","targetHints":{"allow":["GET"]}}],"collection":[{"href":"https:\/\/www.granada-card.com\/pt\/wp-json\/wp\/v2\/pages"}],"about":[{"href":"https:\/\/www.granada-card.com\/pt\/wp-json\/wp\/v2\/types\/page"}],"author":[{"embeddable":true,"href":"https:\/\/www.granada-card.com\/pt\/wp-json\/wp\/v2\/users\/1"}],"replies":[{"embeddable":true,"href":"https:\/\/www.granada-card.com\/pt\/wp-json\/wp\/v2\/comments?post=119"}],"version-history":[{"count":15,"href":"https:\/\/www.granada-card.com\/pt\/wp-json\/wp\/v2\/pages\/119\/revisions"}],"predecessor-version":[{"id":255,"href":"https:\/\/www.granada-card.com\/pt\/wp-json\/wp\/v2\/pages\/119\/revisions\/255"}],"wp:attachment":[{"href":"https:\/\/www.granada-card.com\/pt\/wp-json\/wp\/v2\/media?parent=119"}],"curies":[{"name":"wp","href":"https:\/\/api.w.org\/{rel}","templated":true}]}}